{"id":413,"date":"2021-10-10T16:19:27","date_gmt":"2021-10-10T16:19:27","guid":{"rendered":"https:\/\/uroni.fm-dev.com.hr\/?page_id=413"},"modified":"2021-12-07T17:17:09","modified_gmt":"2021-12-07T16:17:09","slug":"sigurnost-placanja","status":"publish","type":"page","link":"https:\/\/uroni.fm-dev.com.hr\/hr\/sigurnost-placanja\/","title":{"rendered":"Security of Online Payments"},"content":{"rendered":"<p>While conducting payments on our web shop you are using CorvusPay \u2013 an advanced system for secure<br>acceptance of credit cards on the Internet.<\/p>\n\n\n\n<p><br>CorvusPay system ensures complete privacy of your credit card data and personal data from the moment<br>you type them into the CorvusPay payment form. Data required for billing is forwarded encrypted from<br>your web browser to the bank that issued your payment card. Our store never comes into contact with<br>your sensitive payment card data. Similarly, CorvusPay operators cannot access your complete cardholder<br>data. An isolated system core independently transmits and manages sensitive data while at the same time<br>keeping it completely safe.<\/p>\n\n\n\n<p><br>The form for entering payment data is secured by an SSL transmission cipher of the greatest reliability. All<br>stored data is additionally protected by hi-grade encryption, using hardware devices certified by FIPS 140 2<br>Level 3 standard. CorvusPay fulfills all of the requirements for safe online payment prescribed by the<br>leading credit card brands, operating in compliance to the PCI DSS Level 1 standard &#8211; the highest security<br>standard of the payment card industry. Payments made by cards enroled with the 3-D Secure program are<br>further authenticated by the issuing bank, confirming your identity through the use of a token or a<br>password.<\/p>\n\n\n\n<p><br>All information collected by Corvus Pay is considered a secret and treated accordingly. The information is<br>used exclusively for the purposes for which they were intended. Your sensitive data is fully<br>secure and it\u2019s privacy is guaranteed by the state of the art safeguard mechanisms. We collect only the data<br>necessary for performing the work in accordance with the demanding prescribed procedures for online<br>payment.<\/p>\n\n\n\n<p><br>Security controls and operating procedures applied within the CorvusPay infrastructure not only ensure<br>current reliability of CorvusPay but permanently maintain and enhance the security levels of protecting<br>your credit card information by maintaining strict access controls, regular security and in-depth system<br>checks for preventing network vulnerabilities.<\/p>\n\n\n\n<p><br>Thank you for using CorvusPay!<\/p>","protected":false},"excerpt":{"rendered":"<p>While conducting payments on our web shop you are using CorvusPay \u2013 an advanced system for secureacceptance of credit cards on the Internet. CorvusPay system ensures complete privacy of your credit card data and personal data from the momentyou type them into the CorvusPay payment form. Data required for billing is forwarded encrypted fromyour web browser to the bank that issued your payment card. Our store never comes into contact withyour sensitive payment card data. Similarly, CorvusPay operators cannot access your complete cardholderdata. An isolated system core independently transmits and manages sensitive data while at the same timekeeping it completely\u2026<\/p>","protected":false},"author":1,"featured_media":0,"parent":0,"menu_order":0,"comment_status":"closed","ping_status":"closed","template":"","meta":{"spay_email":"","footnotes":""},"class_list":["post-413","page","type-page","status-publish","hentry"],"blocksy_meta":{"styles_descriptor":{"styles":{"desktop":"","tablet":"","mobile":""},"google_fonts":[],"version":2}},"yoast_head":"<!-- This site is optimized with the Yoast SEO plugin v17.1 - https:\/\/yoast.com\/wordpress\/plugins\/seo\/ -->\n<title>Security of Online Payments - Uroni<\/title>\n<meta name=\"description\" content=\"Izjava o sigurnosti online pla\u0107anja\" \/>\n<meta name=\"robots\" content=\"noindex, follow, max-snippet:-1, max-image-preview:large, max-video-preview:-1\" \/>\n<meta property=\"og:locale\" content=\"hr_HR\" \/>\n<meta property=\"og:type\" content=\"article\" \/>\n<meta property=\"og:title\" content=\"Security of Online Payments - Uroni\" \/>\n<meta property=\"og:description\" content=\"Izjava o sigurnosti online pla\u0107anja\" \/>\n<meta property=\"og:url\" content=\"https:\/\/uroni.fm-dev.com.hr\/hr\/sigurnost-placanja\/\" \/>\n<meta property=\"og:site_name\" content=\"Uroni\" \/>\n<meta property=\"article:modified_time\" content=\"2021-12-07T16:17:09+00:00\" \/>\n<meta name=\"twitter:card\" content=\"summary_large_image\" \/>\n<meta name=\"twitter:description\" content=\"Izjava o sigurnosti online pla\u0107anja\" \/>\n<meta name=\"twitter:label1\" content=\"Procijenjeno vrijeme \u010ditanja\" \/>\n\t<meta name=\"twitter:data1\" content=\"2 minute\" \/>\n<script type=\"application\/ld+json\" class=\"yoast-schema-graph\">{\"@context\":\"https:\/\/schema.org\",\"@graph\":[{\"@type\":\"WebSite\",\"@id\":\"https:\/\/uroni.fm-dev.com.hr\/hr\/#website\",\"url\":\"https:\/\/uroni.fm-dev.com.hr\/hr\/\",\"name\":\"Uroni\",\"description\":\"Uroni u miris \\u010distog planinskog zraka, misti\\u010dne \\u0161ume i energi\\u010dnog vala.\",\"potentialAction\":[{\"@type\":\"SearchAction\",\"target\":{\"@type\":\"EntryPoint\",\"urlTemplate\":\"https:\/\/uroni.fm-dev.com.hr\/hr\/?s={search_term_string}\"},\"query-input\":\"required name=search_term_string\"}],\"inLanguage\":\"hr\"},{\"@type\":\"WebPage\",\"@id\":\"https:\/\/uroni.fm-dev.com.hr\/hr\/sigurnost-placanja\/#webpage\",\"url\":\"https:\/\/uroni.fm-dev.com.hr\/hr\/sigurnost-placanja\/\",\"name\":\"Security of Online Payments - Uroni\",\"isPartOf\":{\"@id\":\"https:\/\/uroni.fm-dev.com.hr\/hr\/#website\"},\"datePublished\":\"2021-10-10T16:19:27+00:00\",\"dateModified\":\"2021-12-07T16:17:09+00:00\",\"description\":\"Izjava o sigurnosti online pla\\u0107anja\",\"breadcrumb\":{\"@id\":\"https:\/\/uroni.fm-dev.com.hr\/hr\/sigurnost-placanja\/#breadcrumb\"},\"inLanguage\":\"hr\",\"potentialAction\":[{\"@type\":\"ReadAction\",\"target\":[\"https:\/\/uroni.fm-dev.com.hr\/hr\/sigurnost-placanja\/\"]}]},{\"@type\":\"BreadcrumbList\",\"@id\":\"https:\/\/uroni.fm-dev.com.hr\/hr\/sigurnost-placanja\/#breadcrumb\",\"itemListElement\":[{\"@type\":\"ListItem\",\"position\":1,\"name\":\"Home\",\"item\":\"https:\/\/uroni.fm-dev.com.hr\/hr\/\"},{\"@type\":\"ListItem\",\"position\":2,\"name\":\"Security of Online Payments\"}]}]}<\/script>\n<!-- \/ Yoast SEO plugin. -->","yoast_head_json":{"title":"Security of Online Payments - Uroni","description":"Izjava o sigurnosti online pla\u0107anja","robots":{"index":"noindex","follow":"follow","max-snippet":"max-snippet:-1","max-image-preview":"max-image-preview:large","max-video-preview":"max-video-preview:-1"},"og_locale":"hr_HR","og_type":"article","og_title":"Security of Online Payments - Uroni","og_description":"Izjava o sigurnosti online pla\u0107anja","og_url":"https:\/\/uroni.fm-dev.com.hr\/hr\/sigurnost-placanja\/","og_site_name":"Uroni","article_modified_time":"2021-12-07T16:17:09+00:00","twitter_card":"summary_large_image","twitter_description":"Izjava o sigurnosti online pla\u0107anja","twitter_misc":{"Procijenjeno vrijeme \u010ditanja":"2 minute"},"schema":{"@context":"https:\/\/schema.org","@graph":[{"@type":"WebSite","@id":"https:\/\/uroni.fm-dev.com.hr\/hr\/#website","url":"https:\/\/uroni.fm-dev.com.hr\/hr\/","name":"Uroni","description":"Uroni u miris \u010distog planinskog zraka, misti\u010dne \u0161ume i energi\u010dnog vala.","potentialAction":[{"@type":"SearchAction","target":{"@type":"EntryPoint","urlTemplate":"https:\/\/uroni.fm-dev.com.hr\/hr\/?s={search_term_string}"},"query-input":"required name=search_term_string"}],"inLanguage":"hr"},{"@type":"WebPage","@id":"https:\/\/uroni.fm-dev.com.hr\/hr\/sigurnost-placanja\/#webpage","url":"https:\/\/uroni.fm-dev.com.hr\/hr\/sigurnost-placanja\/","name":"Security of Online Payments - Uroni","isPartOf":{"@id":"https:\/\/uroni.fm-dev.com.hr\/hr\/#website"},"datePublished":"2021-10-10T16:19:27+00:00","dateModified":"2021-12-07T16:17:09+00:00","description":"Izjava o sigurnosti online pla\u0107anja","breadcrumb":{"@id":"https:\/\/uroni.fm-dev.com.hr\/hr\/sigurnost-placanja\/#breadcrumb"},"inLanguage":"hr","potentialAction":[{"@type":"ReadAction","target":["https:\/\/uroni.fm-dev.com.hr\/hr\/sigurnost-placanja\/"]}]},{"@type":"BreadcrumbList","@id":"https:\/\/uroni.fm-dev.com.hr\/hr\/sigurnost-placanja\/#breadcrumb","itemListElement":[{"@type":"ListItem","position":1,"name":"Home","item":"https:\/\/uroni.fm-dev.com.hr\/hr\/"},{"@type":"ListItem","position":2,"name":"Security of Online Payments"}]}]}},"_links":{"self":[{"href":"https:\/\/uroni.fm-dev.com.hr\/hr\/wp-json\/wp\/v2\/pages\/413","targetHints":{"allow":["GET"]}}],"collection":[{"href":"https:\/\/uroni.fm-dev.com.hr\/hr\/wp-json\/wp\/v2\/pages"}],"about":[{"href":"https:\/\/uroni.fm-dev.com.hr\/hr\/wp-json\/wp\/v2\/types\/page"}],"author":[{"embeddable":true,"href":"https:\/\/uroni.fm-dev.com.hr\/hr\/wp-json\/wp\/v2\/users\/1"}],"replies":[{"embeddable":true,"href":"https:\/\/uroni.fm-dev.com.hr\/hr\/wp-json\/wp\/v2\/comments?post=413"}],"version-history":[{"count":3,"href":"https:\/\/uroni.fm-dev.com.hr\/hr\/wp-json\/wp\/v2\/pages\/413\/revisions"}],"predecessor-version":[{"id":1077,"href":"https:\/\/uroni.fm-dev.com.hr\/hr\/wp-json\/wp\/v2\/pages\/413\/revisions\/1077"}],"wp:attachment":[{"href":"https:\/\/uroni.fm-dev.com.hr\/hr\/wp-json\/wp\/v2\/media?parent=413"}],"curies":[{"name":"wp","href":"https:\/\/api.w.org\/{rel}","templated":true}]}}