{"id":495,"date":"2021-11-08T09:58:55","date_gmt":"2021-11-08T09:58:55","guid":{"rendered":"https:\/\/uroni.fm-dev.com.hr\/?page_id=495"},"modified":"2021-11-08T09:58:56","modified_gmt":"2021-11-08T09:58:56","slug":"candle-maintenance-instructions","status":"publish","type":"page","link":"https:\/\/uroni.fm-dev.com.hr\/hr\/candle-maintenance-instructions\/","title":{"rendered":"Upute za odr\u017eavanje svije\u0107a"},"content":{"rendered":"<p>Za potpuno uranjanje u \u010darobni svijet na\u0161ih svije\u0107a donosimo nekoliko korisnih savjeta o tome kako ih odr\u017eavati te kako pravilno i sigurno u\u017eivati u njima.<\/p>\n\n\n\n<ol class=\"wp-block-list\"><li>Prije svakog novog paljenja svije\u0107e malo podre\u017eite fitilj kako bi svije\u0107a gorjela bolje i ravnomjernije.<\/li><li>Ako primijetite taman dim, to je znak da je fitilj predug. Ugasite svije\u0107u, podre\u017eite fitilj te je ponovno upalite.<\/li><li>Nikada nemojte dopustiti da svije\u0107a gori du\u017ee od tri ili \u010detiri sata u komadu.<\/li><li>Nakon ga\u0161enja svije\u0107e centrirajte i namjestite fitilj kako bi bio spreman za novu upotrebu.<\/li><li>Ne ostavljajte svije\u0107u bez nadzora.<\/li><li>Ne palite svije\u0107u blizu zidova ili predmeta.<\/li><\/ol>\n\n\n\n<p>Uz ovih nekoliko savjeta va\u0161a \u0107e svije\u0107a trajati du\u017ee te \u0107e miris biti postojaniji.<\/p>","protected":false},"excerpt":{"rendered":"<p>To fully immerse yourself in the magical world of our candles, we bring you some useful tips on how to maintain and enjoy your candles properly and safely. Before each new lighting of the candle, slightly trim the wick so that the candle burns better and more evenly. If you notice dark smoke, it is a sign that the wick is too long. Extinguish the candle, trim the wick and light it again. Never allow a candle to burn for more than three or four hours in a row. After extinguishing the candle, center and adjust the wick to be\u2026<\/p>","protected":false},"author":1,"featured_media":0,"parent":0,"menu_order":0,"comment_status":"closed","ping_status":"closed","template":"","meta":{"spay_email":"","footnotes":""},"class_list":["post-495","page","type-page","status-publish","hentry"],"blocksy_meta":{"styles_descriptor":{"styles":{"desktop":"","tablet":"","mobile":""},"google_fonts":[],"version":2}},"yoast_head":"<!-- This site is optimized with the Yoast SEO plugin v17.1 - https:\/\/yoast.com\/wordpress\/plugins\/seo\/ -->\n<title>Candle maintenance instructions - Uroni<\/title>\n<meta name=\"robots\" content=\"noindex, follow, max-snippet:-1, max-image-preview:large, max-video-preview:-1\" \/>\n<meta property=\"og:locale\" content=\"hr_HR\" \/>\n<meta property=\"og:type\" content=\"article\" \/>\n<meta property=\"og:title\" content=\"Candle maintenance instructions - Uroni\" \/>\n<meta property=\"og:description\" content=\"To fully immerse yourself in the magical world of our candles, we bring you some useful tips on how to maintain and enjoy your candles properly and safely. Before each new lighting of the candle, slightly trim the wick so that the candle burns better and more evenly. If you notice dark smoke, it is a sign that the wick is too long. Extinguish the candle, trim the wick and light it again. Never allow a candle to burn for more than three or four hours in a row. After extinguishing the candle, center and adjust the wick to be\u2026\" \/>\n<meta property=\"og:url\" content=\"https:\/\/uroni.fm-dev.com.hr\/hr\/candle-maintenance-instructions\/\" \/>\n<meta property=\"og:site_name\" content=\"Uroni\" \/>\n<meta property=\"article:modified_time\" content=\"2021-11-08T09:58:56+00:00\" \/>\n<meta name=\"twitter:card\" content=\"summary_large_image\" \/>\n<meta name=\"twitter:label1\" content=\"Procijenjeno vrijeme \u010ditanja\" \/>\n\t<meta name=\"twitter:data1\" content=\"1 minuta\" \/>\n<script type=\"application\/ld+json\" class=\"yoast-schema-graph\">{\"@context\":\"https:\/\/schema.org\",\"@graph\":[{\"@type\":\"WebSite\",\"@id\":\"https:\/\/uroni.fm-dev.com.hr\/hr\/#website\",\"url\":\"https:\/\/uroni.fm-dev.com.hr\/hr\/\",\"name\":\"Uroni\",\"description\":\"Uroni u miris \\u010distog planinskog zraka, misti\\u010dne \\u0161ume i energi\\u010dnog vala.\",\"potentialAction\":[{\"@type\":\"SearchAction\",\"target\":{\"@type\":\"EntryPoint\",\"urlTemplate\":\"https:\/\/uroni.fm-dev.com.hr\/hr\/?s={search_term_string}\"},\"query-input\":\"required name=search_term_string\"}],\"inLanguage\":\"hr\"},{\"@type\":\"WebPage\",\"@id\":\"https:\/\/uroni.fm-dev.com.hr\/hr\/candle-maintenance-instructions\/#webpage\",\"url\":\"https:\/\/uroni.fm-dev.com.hr\/hr\/candle-maintenance-instructions\/\",\"name\":\"Candle maintenance instructions - Uroni\",\"isPartOf\":{\"@id\":\"https:\/\/uroni.fm-dev.com.hr\/hr\/#website\"},\"datePublished\":\"2021-11-08T09:58:55+00:00\",\"dateModified\":\"2021-11-08T09:58:56+00:00\",\"breadcrumb\":{\"@id\":\"https:\/\/uroni.fm-dev.com.hr\/hr\/candle-maintenance-instructions\/#breadcrumb\"},\"inLanguage\":\"hr\",\"potentialAction\":[{\"@type\":\"ReadAction\",\"target\":[\"https:\/\/uroni.fm-dev.com.hr\/hr\/candle-maintenance-instructions\/\"]}]},{\"@type\":\"BreadcrumbList\",\"@id\":\"https:\/\/uroni.fm-dev.com.hr\/hr\/candle-maintenance-instructions\/#breadcrumb\",\"itemListElement\":[{\"@type\":\"ListItem\",\"position\":1,\"name\":\"Home\",\"item\":\"https:\/\/uroni.fm-dev.com.hr\/hr\/\"},{\"@type\":\"ListItem\",\"position\":2,\"name\":\"Candle maintenance instructions\"}]}]}<\/script>\n<!-- \/ Yoast SEO plugin. -->","yoast_head_json":{"title":"Candle maintenance instructions - Uroni","robots":{"index":"noindex","follow":"follow","max-snippet":"max-snippet:-1","max-image-preview":"max-image-preview:large","max-video-preview":"max-video-preview:-1"},"og_locale":"hr_HR","og_type":"article","og_title":"Candle maintenance instructions - Uroni","og_description":"To fully immerse yourself in the magical world of our candles, we bring you some useful tips on how to maintain and enjoy your candles properly and safely. Before each new lighting of the candle, slightly trim the wick so that the candle burns better and more evenly. If you notice dark smoke, it is a sign that the wick is too long. Extinguish the candle, trim the wick and light it again. Never allow a candle to burn for more than three or four hours in a row. After extinguishing the candle, center and adjust the wick to be\u2026","og_url":"https:\/\/uroni.fm-dev.com.hr\/hr\/candle-maintenance-instructions\/","og_site_name":"Uroni","article_modified_time":"2021-11-08T09:58:56+00:00","twitter_card":"summary_large_image","twitter_misc":{"Procijenjeno vrijeme \u010ditanja":"1 minuta"},"schema":{"@context":"https:\/\/schema.org","@graph":[{"@type":"WebSite","@id":"https:\/\/uroni.fm-dev.com.hr\/hr\/#website","url":"https:\/\/uroni.fm-dev.com.hr\/hr\/","name":"Uroni","description":"Uroni u miris \u010distog planinskog zraka, misti\u010dne \u0161ume i energi\u010dnog vala.","potentialAction":[{"@type":"SearchAction","target":{"@type":"EntryPoint","urlTemplate":"https:\/\/uroni.fm-dev.com.hr\/hr\/?s={search_term_string}"},"query-input":"required name=search_term_string"}],"inLanguage":"hr"},{"@type":"WebPage","@id":"https:\/\/uroni.fm-dev.com.hr\/hr\/candle-maintenance-instructions\/#webpage","url":"https:\/\/uroni.fm-dev.com.hr\/hr\/candle-maintenance-instructions\/","name":"Candle maintenance instructions - Uroni","isPartOf":{"@id":"https:\/\/uroni.fm-dev.com.hr\/hr\/#website"},"datePublished":"2021-11-08T09:58:55+00:00","dateModified":"2021-11-08T09:58:56+00:00","breadcrumb":{"@id":"https:\/\/uroni.fm-dev.com.hr\/hr\/candle-maintenance-instructions\/#breadcrumb"},"inLanguage":"hr","potentialAction":[{"@type":"ReadAction","target":["https:\/\/uroni.fm-dev.com.hr\/hr\/candle-maintenance-instructions\/"]}]},{"@type":"BreadcrumbList","@id":"https:\/\/uroni.fm-dev.com.hr\/hr\/candle-maintenance-instructions\/#breadcrumb","itemListElement":[{"@type":"ListItem","position":1,"name":"Home","item":"https:\/\/uroni.fm-dev.com.hr\/hr\/"},{"@type":"ListItem","position":2,"name":"Candle maintenance instructions"}]}]}},"_links":{"self":[{"href":"https:\/\/uroni.fm-dev.com.hr\/hr\/wp-json\/wp\/v2\/pages\/495","targetHints":{"allow":["GET"]}}],"collection":[{"href":"https:\/\/uroni.fm-dev.com.hr\/hr\/wp-json\/wp\/v2\/pages"}],"about":[{"href":"https:\/\/uroni.fm-dev.com.hr\/hr\/wp-json\/wp\/v2\/types\/page"}],"author":[{"embeddable":true,"href":"https:\/\/uroni.fm-dev.com.hr\/hr\/wp-json\/wp\/v2\/users\/1"}],"replies":[{"embeddable":true,"href":"https:\/\/uroni.fm-dev.com.hr\/hr\/wp-json\/wp\/v2\/comments?post=495"}],"version-history":[{"count":1,"href":"https:\/\/uroni.fm-dev.com.hr\/hr\/wp-json\/wp\/v2\/pages\/495\/revisions"}],"predecessor-version":[{"id":496,"href":"https:\/\/uroni.fm-dev.com.hr\/hr\/wp-json\/wp\/v2\/pages\/495\/revisions\/496"}],"wp:attachment":[{"href":"https:\/\/uroni.fm-dev.com.hr\/hr\/wp-json\/wp\/v2\/media?parent=495"}],"curies":[{"name":"wp","href":"https:\/\/api.w.org\/{rel}","templated":true}]}}