{"id":497,"date":"2021-11-08T10:02:41","date_gmt":"2021-11-08T10:02:41","guid":{"rendered":"https:\/\/uroni.fm-dev.com.hr\/?page_id=497"},"modified":"2021-11-15T14:35:51","modified_gmt":"2021-11-15T13:35:51","slug":"uroni-art","status":"publish","type":"page","link":"https:\/\/uroni.fm-dev.com.hr\/hr\/uroni-art\/","title":{"rendered":"Uroni Umjetnost"},"content":{"rendered":"<p>Svaka pojedina svije\u0107a za nas je malo remek-djelo. \u017deljeli smo da na\u0161e svije\u0107e budu i dizajnerski dodatak va\u0161em domu, stoga smo pomno razmi\u0161ljali o izgledu svije\u0107e u interijeru.<\/p>\n\n\n\n<p>Sigurno vam nije promaknuo na\u0161 logotip te posebno izdu\u017een oblik slova \u201eU\u201d u na\u0161em imenu Uroni? Upravo taj izdu\u017eeni oblik slova \u201eU\u201d preslikali smo na oblik na\u0161e svije\u0107e, odnosno posude. Zanimljivo, zar ne?<\/p>\n\n\n\n<p>Tako\u0111er, kako bismo simboli\u010dki prikazali do\u017eivljaj uranjanja u miris svije\u0107e, na posudi smo napravili utor u koji savr\u0161eno uranja druga posuda, odnosno svije\u0107a. Tako se va\u0161e Uroni svije\u0107e me\u0111usobno povezuju i spajanjem \u010dine malu skulpturu izlo\u017eenu u va\u0161em domu.<\/p>","protected":false},"excerpt":{"rendered":"<p>Each individual candle is a little masterpiece. We want our candles to be add additional design to your home, so we carefully put time and thought into the look of each candle. You can see our logo in the elongated shape of the letter &#8220;U&#8221; in our name, Uroni. It is this elongated shape of the letter &#8220;U&#8221; that inspires the shape of our candles. Interesting, isn&#8217;t it? Moreover, in order to symbolically represent the experience of immersion in the scent of our candles, we made a groove in each holder into which the other candles can fit perfectly. So,\u2026<\/p>","protected":false},"author":1,"featured_media":0,"parent":0,"menu_order":0,"comment_status":"closed","ping_status":"closed","template":"","meta":{"spay_email":"","footnotes":""},"class_list":["post-497","page","type-page","status-publish","hentry"],"blocksy_meta":{"styles_descriptor":{"styles":{"desktop":"","tablet":"","mobile":""},"google_fonts":[],"version":2}},"yoast_head":"<!-- This site is optimized with the Yoast SEO plugin v17.1 - https:\/\/yoast.com\/wordpress\/plugins\/seo\/ -->\n<title>Uroni Art - Uroni<\/title>\n<meta name=\"robots\" content=\"noindex, follow, max-snippet:-1, max-image-preview:large, max-video-preview:-1\" \/>\n<meta property=\"og:locale\" content=\"hr_HR\" \/>\n<meta property=\"og:type\" content=\"article\" \/>\n<meta property=\"og:title\" content=\"Uroni Art - Uroni\" \/>\n<meta property=\"og:description\" content=\"Each individual candle is a little masterpiece. We want our candles to be add additional design to your home, so we carefully put time and thought into the look of each candle. You can see our logo in the elongated shape of the letter &#8220;U&#8221; in our name, Uroni. It is this elongated shape of the letter &#8220;U&#8221; that inspires the shape of our candles. Interesting, isn&#8217;t it? Moreover, in order to symbolically represent the experience of immersion in the scent of our candles, we made a groove in each holder into which the other candles can fit perfectly. So,\u2026\" \/>\n<meta property=\"og:url\" content=\"https:\/\/uroni.fm-dev.com.hr\/hr\/uroni-art\/\" \/>\n<meta property=\"og:site_name\" content=\"Uroni\" \/>\n<meta property=\"article:modified_time\" content=\"2021-11-15T13:35:51+00:00\" \/>\n<meta name=\"twitter:card\" content=\"summary_large_image\" \/>\n<meta name=\"twitter:label1\" content=\"Procijenjeno vrijeme \u010ditanja\" \/>\n\t<meta name=\"twitter:data1\" content=\"1 minuta\" \/>\n<script type=\"application\/ld+json\" class=\"yoast-schema-graph\">{\"@context\":\"https:\/\/schema.org\",\"@graph\":[{\"@type\":\"WebSite\",\"@id\":\"https:\/\/uroni.fm-dev.com.hr\/hr\/#website\",\"url\":\"https:\/\/uroni.fm-dev.com.hr\/hr\/\",\"name\":\"Uroni\",\"description\":\"Uroni u miris \\u010distog planinskog zraka, misti\\u010dne \\u0161ume i energi\\u010dnog vala.\",\"potentialAction\":[{\"@type\":\"SearchAction\",\"target\":{\"@type\":\"EntryPoint\",\"urlTemplate\":\"https:\/\/uroni.fm-dev.com.hr\/hr\/?s={search_term_string}\"},\"query-input\":\"required name=search_term_string\"}],\"inLanguage\":\"hr\"},{\"@type\":\"WebPage\",\"@id\":\"https:\/\/uroni.fm-dev.com.hr\/hr\/uroni-art\/#webpage\",\"url\":\"https:\/\/uroni.fm-dev.com.hr\/hr\/uroni-art\/\",\"name\":\"Uroni Art - Uroni\",\"isPartOf\":{\"@id\":\"https:\/\/uroni.fm-dev.com.hr\/hr\/#website\"},\"datePublished\":\"2021-11-08T10:02:41+00:00\",\"dateModified\":\"2021-11-15T13:35:51+00:00\",\"breadcrumb\":{\"@id\":\"https:\/\/uroni.fm-dev.com.hr\/hr\/uroni-art\/#breadcrumb\"},\"inLanguage\":\"hr\",\"potentialAction\":[{\"@type\":\"ReadAction\",\"target\":[\"https:\/\/uroni.fm-dev.com.hr\/hr\/uroni-art\/\"]}]},{\"@type\":\"BreadcrumbList\",\"@id\":\"https:\/\/uroni.fm-dev.com.hr\/hr\/uroni-art\/#breadcrumb\",\"itemListElement\":[{\"@type\":\"ListItem\",\"position\":1,\"name\":\"Home\",\"item\":\"https:\/\/uroni.fm-dev.com.hr\/hr\/\"},{\"@type\":\"ListItem\",\"position\":2,\"name\":\"Uroni Art\"}]}]}<\/script>\n<!-- \/ Yoast SEO plugin. -->","yoast_head_json":{"title":"Uroni Art - Uroni","robots":{"index":"noindex","follow":"follow","max-snippet":"max-snippet:-1","max-image-preview":"max-image-preview:large","max-video-preview":"max-video-preview:-1"},"og_locale":"hr_HR","og_type":"article","og_title":"Uroni Art - Uroni","og_description":"Each individual candle is a little masterpiece. We want our candles to be add additional design to your home, so we carefully put time and thought into the look of each candle. You can see our logo in the elongated shape of the letter &#8220;U&#8221; in our name, Uroni. It is this elongated shape of the letter &#8220;U&#8221; that inspires the shape of our candles. Interesting, isn&#8217;t it? Moreover, in order to symbolically represent the experience of immersion in the scent of our candles, we made a groove in each holder into which the other candles can fit perfectly. So,\u2026","og_url":"https:\/\/uroni.fm-dev.com.hr\/hr\/uroni-art\/","og_site_name":"Uroni","article_modified_time":"2021-11-15T13:35:51+00:00","twitter_card":"summary_large_image","twitter_misc":{"Procijenjeno vrijeme \u010ditanja":"1 minuta"},"schema":{"@context":"https:\/\/schema.org","@graph":[{"@type":"WebSite","@id":"https:\/\/uroni.fm-dev.com.hr\/hr\/#website","url":"https:\/\/uroni.fm-dev.com.hr\/hr\/","name":"Uroni","description":"Uroni u miris \u010distog planinskog zraka, misti\u010dne \u0161ume i energi\u010dnog vala.","potentialAction":[{"@type":"SearchAction","target":{"@type":"EntryPoint","urlTemplate":"https:\/\/uroni.fm-dev.com.hr\/hr\/?s={search_term_string}"},"query-input":"required name=search_term_string"}],"inLanguage":"hr"},{"@type":"WebPage","@id":"https:\/\/uroni.fm-dev.com.hr\/hr\/uroni-art\/#webpage","url":"https:\/\/uroni.fm-dev.com.hr\/hr\/uroni-art\/","name":"Uroni Art - Uroni","isPartOf":{"@id":"https:\/\/uroni.fm-dev.com.hr\/hr\/#website"},"datePublished":"2021-11-08T10:02:41+00:00","dateModified":"2021-11-15T13:35:51+00:00","breadcrumb":{"@id":"https:\/\/uroni.fm-dev.com.hr\/hr\/uroni-art\/#breadcrumb"},"inLanguage":"hr","potentialAction":[{"@type":"ReadAction","target":["https:\/\/uroni.fm-dev.com.hr\/hr\/uroni-art\/"]}]},{"@type":"BreadcrumbList","@id":"https:\/\/uroni.fm-dev.com.hr\/hr\/uroni-art\/#breadcrumb","itemListElement":[{"@type":"ListItem","position":1,"name":"Home","item":"https:\/\/uroni.fm-dev.com.hr\/hr\/"},{"@type":"ListItem","position":2,"name":"Uroni Art"}]}]}},"_links":{"self":[{"href":"https:\/\/uroni.fm-dev.com.hr\/hr\/wp-json\/wp\/v2\/pages\/497","targetHints":{"allow":["GET"]}}],"collection":[{"href":"https:\/\/uroni.fm-dev.com.hr\/hr\/wp-json\/wp\/v2\/pages"}],"about":[{"href":"https:\/\/uroni.fm-dev.com.hr\/hr\/wp-json\/wp\/v2\/types\/page"}],"author":[{"embeddable":true,"href":"https:\/\/uroni.fm-dev.com.hr\/hr\/wp-json\/wp\/v2\/users\/1"}],"replies":[{"embeddable":true,"href":"https:\/\/uroni.fm-dev.com.hr\/hr\/wp-json\/wp\/v2\/comments?post=497"}],"version-history":[{"count":3,"href":"https:\/\/uroni.fm-dev.com.hr\/hr\/wp-json\/wp\/v2\/pages\/497\/revisions"}],"predecessor-version":[{"id":640,"href":"https:\/\/uroni.fm-dev.com.hr\/hr\/wp-json\/wp\/v2\/pages\/497\/revisions\/640"}],"wp:attachment":[{"href":"https:\/\/uroni.fm-dev.com.hr\/hr\/wp-json\/wp\/v2\/media?parent=497"}],"curies":[{"name":"wp","href":"https:\/\/api.w.org\/{rel}","templated":true}]}}