{"id":500,"date":"2021-11-08T10:04:49","date_gmt":"2021-11-08T10:04:49","guid":{"rendered":"https:\/\/uroni.fm-dev.com.hr\/?page_id=500"},"modified":"2021-11-25T17:28:45","modified_gmt":"2021-11-25T16:28:45","slug":"prolonged-life","status":"publish","type":"page","link":"https:\/\/uroni.fm-dev.com.hr\/hr\/prolonged-life\/","title":{"rendered":"New Life"},"content":{"rendered":"<div data-elementor-type=\"wp-page\" data-elementor-id=\"500\" class=\"elementor elementor-500\" data-elementor-settings=\"[]\">\n\t\t\t\t\t\t\t<div class=\"elementor-section-wrap\">\n\t\t\t\t\t\t\t<section class=\"elementor-section elementor-top-section elementor-element elementor-element-56912cb elementor-section-boxed elementor-section-height-default elementor-section-height-default\" data-id=\"56912cb\" data-element_type=\"section\">\n\t\t\t\t\t\t<div class=\"elementor-container elementor-column-gap-default\">\n\t\t\t\t\t<div class=\"elementor-column elementor-col-50 elementor-top-column elementor-element elementor-element-77c02d2\" data-id=\"77c02d2\" data-element_type=\"column\">\n\t\t\t<div class=\"elementor-widget-wrap elementor-element-populated\">\n\t\t\t\t\t\t\t\t<div class=\"elementor-element elementor-element-b45a9c4 elementor-widget elementor-widget-image\" data-id=\"b45a9c4\" data-element_type=\"widget\" data-widget_type=\"image.default\">\n\t\t\t\t<div class=\"elementor-widget-container\">\n\t\t\t\t\t\t\t\t\t\t\t\t\t\t\t<img loading=\"lazy\" decoding=\"async\" width=\"1024\" height=\"683\" src=\"https:\/\/uroni.fm-dev.com.hr\/wp-content\/uploads\/2021\/11\/02-New-Life-1024x683.jpg\" class=\"attachment-large size-large\" alt=\"\" srcset=\"https:\/\/uroni.fm-dev.com.hr\/wp-content\/uploads\/2021\/11\/02-New-Life-1024x683.jpg 1024w, https:\/\/uroni.fm-dev.com.hr\/wp-content\/uploads\/2021\/11\/02-New-Life-scaled-300x200.jpg 300w, https:\/\/uroni.fm-dev.com.hr\/wp-content\/uploads\/2021\/11\/02-New-Life-scaled-1800x1200.jpg 1800w, https:\/\/uroni.fm-dev.com.hr\/wp-content\/uploads\/2021\/11\/02-New-Life-768x512.jpg 768w, https:\/\/uroni.fm-dev.com.hr\/wp-content\/uploads\/2021\/11\/02-New-Life-1536x1024.jpg 1536w, https:\/\/uroni.fm-dev.com.hr\/wp-content\/uploads\/2021\/11\/02-New-Life-2048x1365.jpg 2048w, https:\/\/uroni.fm-dev.com.hr\/wp-content\/uploads\/2021\/11\/02-New-Life-18x12.jpg 18w\" sizes=\"auto, (max-width: 1024px) 100vw, 1024px\" \/>\t\t\t\t\t\t\t\t\t\t\t\t\t\t\t<\/div>\n\t\t\t\t<\/div>\n\t\t\t\t\t<\/div>\n\t\t<\/div>\n\t\t\t\t<div class=\"elementor-column elementor-col-50 elementor-top-column elementor-element elementor-element-d564122\" data-id=\"d564122\" data-element_type=\"column\">\n\t\t\t<div class=\"elementor-widget-wrap elementor-element-populated\">\n\t\t\t\t\t\t\t\t<div class=\"elementor-element elementor-element-11912a5 elementor-widget elementor-widget-image\" data-id=\"11912a5\" data-element_type=\"widget\" data-widget_type=\"image.default\">\n\t\t\t\t<div class=\"elementor-widget-container\">\n\t\t\t\t\t\t\t\t\t\t\t\t\t\t\t<img loading=\"lazy\" decoding=\"async\" width=\"1024\" height=\"683\" src=\"https:\/\/uroni.fm-dev.com.hr\/wp-content\/uploads\/2021\/11\/03-New-life-1024x683.jpg\" class=\"attachment-large size-large\" alt=\"New Life\" srcset=\"https:\/\/uroni.fm-dev.com.hr\/wp-content\/uploads\/2021\/11\/03-New-life-1024x683.jpg 1024w, https:\/\/uroni.fm-dev.com.hr\/wp-content\/uploads\/2021\/11\/03-New-life-scaled-300x200.jpg 300w, https:\/\/uroni.fm-dev.com.hr\/wp-content\/uploads\/2021\/11\/03-New-life-scaled-1800x1200.jpg 1800w, https:\/\/uroni.fm-dev.com.hr\/wp-content\/uploads\/2021\/11\/03-New-life-768x512.jpg 768w, https:\/\/uroni.fm-dev.com.hr\/wp-content\/uploads\/2021\/11\/03-New-life-1536x1024.jpg 1536w, https:\/\/uroni.fm-dev.com.hr\/wp-content\/uploads\/2021\/11\/03-New-life-2048x1365.jpg 2048w, https:\/\/uroni.fm-dev.com.hr\/wp-content\/uploads\/2021\/11\/03-New-life-18x12.jpg 18w\" sizes=\"auto, (max-width: 1024px) 100vw, 1024px\" \/>\t\t\t\t\t\t\t\t\t\t\t\t\t\t\t<\/div>\n\t\t\t\t<\/div>\n\t\t\t\t\t<\/div>\n\t\t<\/div>\n\t\t\t\t\t\t\t<\/div>\n\t\t<\/section>\n\t\t\t\t<section class=\"elementor-section elementor-top-section elementor-element elementor-element-74e5115a elementor-section-boxed elementor-section-height-default elementor-section-height-default\" data-id=\"74e5115a\" data-element_type=\"section\">\n\t\t\t\t\t\t<div class=\"elementor-container elementor-column-gap-default\">\n\t\t\t\t\t<div class=\"elementor-column elementor-col-100 elementor-top-column elementor-element elementor-element-2c69780a\" data-id=\"2c69780a\" data-element_type=\"column\">\n\t\t\t<div class=\"elementor-widget-wrap elementor-element-populated\">\n\t\t\t\t\t\t\t\t<div class=\"elementor-element elementor-element-24ed67d9 elementor-widget elementor-widget-text-editor\" data-id=\"24ed67d9\" data-element_type=\"widget\" data-widget_type=\"text-editor.default\">\n\t\t\t\t<div class=\"elementor-widget-container\">\n\t\t\t\t\t\t\t\t<!-- wp:paragraph -->\n<p>Vjerujemo u novi \u017eivot stvari kojima je prvotna namjena do\u0161la kraju. I zato su na\u0161e posude osmi\u0161ljene da \u017eive i nakon \u0161to va\u0161e u\u017eivanje u svije\u0107i zavr\u0161i.\nMogu\u0107nosti su beskrajne, a mi imamo nekoliko prijedloga kako udahnuti novi \u017eivot Uroni posudama.<\/p>\n<!-- \/wp:paragraph -->\n\n<!-- wp:paragraph -->\n<p><\/p>\n<!-- \/wp:paragraph -->\t\t\t\t\t\t<\/div>\n\t\t\t\t<\/div>\n\t\t\t\t\t<\/div>\n\t\t<\/div>\n\t\t\t\t\t\t\t<\/div>\n\t\t<\/section>\n\t\t\t\t<section class=\"elementor-section elementor-top-section elementor-element elementor-element-b4927d9 elementor-section-boxed elementor-section-height-default elementor-section-height-default\" data-id=\"b4927d9\" data-element_type=\"section\">\n\t\t\t\t\t\t<div class=\"elementor-container elementor-column-gap-default\">\n\t\t\t\t\t<div class=\"elementor-column elementor-col-33 elementor-top-column elementor-element elementor-element-e182b70\" data-id=\"e182b70\" data-element_type=\"column\">\n\t\t\t<div class=\"elementor-widget-wrap elementor-element-populated\">\n\t\t\t\t\t\t\t\t<div class=\"elementor-element elementor-element-6b741be elementor-widget elementor-widget-image\" data-id=\"6b741be\" data-element_type=\"widget\" data-widget_type=\"image.default\">\n\t\t\t\t<div class=\"elementor-widget-container\">\n\t\t\t\t\t\t\t\t\t\t\t\t\t\t\t<img loading=\"lazy\" decoding=\"async\" width=\"683\" height=\"1024\" src=\"https:\/\/uroni.fm-dev.com.hr\/wp-content\/uploads\/2021\/11\/01-New-Life-683x1024.jpg\" class=\"attachment-large size-large\" alt=\"New Life\" srcset=\"https:\/\/uroni.fm-dev.com.hr\/wp-content\/uploads\/2021\/11\/01-New-Life-683x1024.jpg 683w, https:\/\/uroni.fm-dev.com.hr\/wp-content\/uploads\/2021\/11\/01-New-Life-scaled-300x450.jpg 300w, https:\/\/uroni.fm-dev.com.hr\/wp-content\/uploads\/2021\/11\/01-New-Life-200x300.jpg 200w, https:\/\/uroni.fm-dev.com.hr\/wp-content\/uploads\/2021\/11\/01-New-Life-768x1152.jpg 768w, https:\/\/uroni.fm-dev.com.hr\/wp-content\/uploads\/2021\/11\/01-New-Life-1024x1536.jpg 1024w, https:\/\/uroni.fm-dev.com.hr\/wp-content\/uploads\/2021\/11\/01-New-Life-1365x2048.jpg 1365w, https:\/\/uroni.fm-dev.com.hr\/wp-content\/uploads\/2021\/11\/01-New-Life-8x12.jpg 8w, https:\/\/uroni.fm-dev.com.hr\/wp-content\/uploads\/2021\/11\/01-New-Life-600x900.jpg 600w, https:\/\/uroni.fm-dev.com.hr\/wp-content\/uploads\/2021\/11\/01-New-Life-scaled.jpg 1707w\" sizes=\"auto, (max-width: 683px) 100vw, 683px\" \/>\t\t\t\t\t\t\t\t\t\t\t\t\t\t\t<\/div>\n\t\t\t\t<\/div>\n\t\t\t\t\t<\/div>\n\t\t<\/div>\n\t\t\t\t<div class=\"elementor-column elementor-col-33 elementor-top-column elementor-element elementor-element-b60e981\" data-id=\"b60e981\" data-element_type=\"column\">\n\t\t\t<div class=\"elementor-widget-wrap elementor-element-populated\">\n\t\t\t\t\t\t\t\t<div class=\"elementor-element elementor-element-7547908 elementor-widget elementor-widget-image\" data-id=\"7547908\" data-element_type=\"widget\" data-widget_type=\"image.default\">\n\t\t\t\t<div class=\"elementor-widget-container\">\n\t\t\t\t\t\t\t\t\t\t\t\t\t\t\t<img loading=\"lazy\" decoding=\"async\" width=\"683\" height=\"1024\" src=\"https:\/\/uroni.fm-dev.com.hr\/wp-content\/uploads\/2021\/11\/06-New-life-683x1024.jpg\" class=\"attachment-large size-large\" alt=\"New Life\" srcset=\"https:\/\/uroni.fm-dev.com.hr\/wp-content\/uploads\/2021\/11\/06-New-life-683x1024.jpg 683w, https:\/\/uroni.fm-dev.com.hr\/wp-content\/uploads\/2021\/11\/06-New-life-scaled-300x450.jpg 300w, https:\/\/uroni.fm-dev.com.hr\/wp-content\/uploads\/2021\/11\/06-New-life-200x300.jpg 200w, https:\/\/uroni.fm-dev.com.hr\/wp-content\/uploads\/2021\/11\/06-New-life-768x1152.jpg 768w, https:\/\/uroni.fm-dev.com.hr\/wp-content\/uploads\/2021\/11\/06-New-life-1024x1536.jpg 1024w, https:\/\/uroni.fm-dev.com.hr\/wp-content\/uploads\/2021\/11\/06-New-life-1365x2048.jpg 1365w, https:\/\/uroni.fm-dev.com.hr\/wp-content\/uploads\/2021\/11\/06-New-life-8x12.jpg 8w, https:\/\/uroni.fm-dev.com.hr\/wp-content\/uploads\/2021\/11\/06-New-life-600x900.jpg 600w, https:\/\/uroni.fm-dev.com.hr\/wp-content\/uploads\/2021\/11\/06-New-life-scaled.jpg 1707w\" sizes=\"auto, (max-width: 683px) 100vw, 683px\" \/>\t\t\t\t\t\t\t\t\t\t\t\t\t\t\t<\/div>\n\t\t\t\t<\/div>\n\t\t\t\t\t<\/div>\n\t\t<\/div>\n\t\t\t\t<div class=\"elementor-column elementor-col-33 elementor-top-column elementor-element elementor-element-18bf8d4\" data-id=\"18bf8d4\" data-element_type=\"column\">\n\t\t\t<div class=\"elementor-widget-wrap elementor-element-populated\">\n\t\t\t\t\t\t\t\t<div class=\"elementor-element elementor-element-3e57616 elementor-widget elementor-widget-image\" data-id=\"3e57616\" data-element_type=\"widget\" data-widget_type=\"image.default\">\n\t\t\t\t<div class=\"elementor-widget-container\">\n\t\t\t\t\t\t\t\t\t\t\t\t\t\t\t<img loading=\"lazy\" decoding=\"async\" width=\"683\" height=\"1024\" src=\"https:\/\/uroni.fm-dev.com.hr\/wp-content\/uploads\/2021\/11\/04-New-life-683x1024.jpg\" class=\"attachment-large size-large\" alt=\"\" srcset=\"https:\/\/uroni.fm-dev.com.hr\/wp-content\/uploads\/2021\/11\/04-New-life-683x1024.jpg 683w, https:\/\/uroni.fm-dev.com.hr\/wp-content\/uploads\/2021\/11\/04-New-life-scaled-300x450.jpg 300w, https:\/\/uroni.fm-dev.com.hr\/wp-content\/uploads\/2021\/11\/04-New-life-200x300.jpg 200w, https:\/\/uroni.fm-dev.com.hr\/wp-content\/uploads\/2021\/11\/04-New-life-768x1152.jpg 768w, https:\/\/uroni.fm-dev.com.hr\/wp-content\/uploads\/2021\/11\/04-New-life-1024x1536.jpg 1024w, https:\/\/uroni.fm-dev.com.hr\/wp-content\/uploads\/2021\/11\/04-New-life-1365x2048.jpg 1365w, https:\/\/uroni.fm-dev.com.hr\/wp-content\/uploads\/2021\/11\/04-New-life-8x12.jpg 8w, https:\/\/uroni.fm-dev.com.hr\/wp-content\/uploads\/2021\/11\/04-New-life-600x900.jpg 600w, https:\/\/uroni.fm-dev.com.hr\/wp-content\/uploads\/2021\/11\/04-New-life-scaled.jpg 1707w\" sizes=\"auto, (max-width: 683px) 100vw, 683px\" \/>\t\t\t\t\t\t\t\t\t\t\t\t\t\t\t<\/div>\n\t\t\t\t<\/div>\n\t\t\t\t\t<\/div>\n\t\t<\/div>\n\t\t\t\t\t\t\t<\/div>\n\t\t<\/section>\n\t\t\t\t\t\t<\/div>\n\t\t\t\t\t<\/div>","protected":false},"excerpt":{"rendered":"<p>Vjerujemo u novi \u017eivot stvari kojima je prvotna namjena do\u0161la kraju. I zato su na\u0161e posude osmi\u0161ljene da \u017eive i nakon \u0161to va\u0161e u\u017eivanje u svije\u0107i zavr\u0161i.\nMogu\u0107nosti su beskrajne, a mi imamo nekoliko prijedloga kako udahnuti novi \u017eivot Uroni posudama.<\/p>","protected":false},"author":1,"featured_media":0,"parent":0,"menu_order":0,"comment_status":"closed","ping_status":"closed","template":"","meta":{"spay_email":"","footnotes":""},"class_list":["post-500","page","type-page","status-publish","hentry"],"blocksy_meta":{"styles_descriptor":{"styles":{"desktop":"","tablet":"","mobile":""},"google_fonts":[],"version":2}},"yoast_head":"<!-- This site is optimized with the Yoast SEO plugin v17.1 - https:\/\/yoast.com\/wordpress\/plugins\/seo\/ -->\n<title>New Life - Uroni<\/title>\n<meta name=\"robots\" content=\"noindex, follow, max-snippet:-1, max-image-preview:large, max-video-preview:-1\" \/>\n<meta property=\"og:locale\" content=\"hr_HR\" \/>\n<meta property=\"og:type\" content=\"article\" \/>\n<meta property=\"og:title\" content=\"New Life - Uroni\" \/>\n<meta property=\"og:description\" content=\"We believe bringing a new life to things whose original purpose has come to an end. And that\u2019s why our pots are designed to live on even after your enjoyment of the candle is over. The possibilities are endless, and we have a few suggestions on how to breathe new life into Uroni pots.\" \/>\n<meta property=\"og:url\" content=\"https:\/\/uroni.fm-dev.com.hr\/hr\/prolonged-life\/\" \/>\n<meta property=\"og:site_name\" content=\"Uroni\" \/>\n<meta property=\"article:modified_time\" content=\"2021-11-25T16:28:45+00:00\" \/>\n<meta property=\"og:image\" content=\"https:\/\/uroni.fm-dev.com.hr\/wp-content\/uploads\/2021\/11\/02-New-Life-1024x683.jpg\" \/>\n<meta name=\"twitter:card\" content=\"summary_large_image\" \/>\n<meta name=\"twitter:label1\" content=\"Procijenjeno vrijeme \u010ditanja\" \/>\n\t<meta name=\"twitter:data1\" content=\"2 minute\" \/>\n<script type=\"application\/ld+json\" class=\"yoast-schema-graph\">{\"@context\":\"https:\/\/schema.org\",\"@graph\":[{\"@type\":\"WebSite\",\"@id\":\"https:\/\/uroni.fm-dev.com.hr\/hr\/#website\",\"url\":\"https:\/\/uroni.fm-dev.com.hr\/hr\/\",\"name\":\"Uroni\",\"description\":\"Uroni u miris \\u010distog planinskog zraka, misti\\u010dne \\u0161ume i energi\\u010dnog vala.\",\"potentialAction\":[{\"@type\":\"SearchAction\",\"target\":{\"@type\":\"EntryPoint\",\"urlTemplate\":\"https:\/\/uroni.fm-dev.com.hr\/hr\/?s={search_term_string}\"},\"query-input\":\"required name=search_term_string\"}],\"inLanguage\":\"hr\"},{\"@type\":\"ImageObject\",\"@id\":\"https:\/\/uroni.fm-dev.com.hr\/hr\/prolonged-life\/#primaryimage\",\"inLanguage\":\"hr\",\"url\":\"https:\/\/uroni.fm-dev.com.hr\/wp-content\/uploads\/2021\/11\/02-New-Life-1024x683.jpg\",\"contentUrl\":\"https:\/\/uroni.fm-dev.com.hr\/wp-content\/uploads\/2021\/11\/02-New-Life-1024x683.jpg\"},{\"@type\":\"WebPage\",\"@id\":\"https:\/\/uroni.fm-dev.com.hr\/hr\/prolonged-life\/#webpage\",\"url\":\"https:\/\/uroni.fm-dev.com.hr\/hr\/prolonged-life\/\",\"name\":\"New Life - Uroni\",\"isPartOf\":{\"@id\":\"https:\/\/uroni.fm-dev.com.hr\/hr\/#website\"},\"primaryImageOfPage\":{\"@id\":\"https:\/\/uroni.fm-dev.com.hr\/hr\/prolonged-life\/#primaryimage\"},\"datePublished\":\"2021-11-08T10:04:49+00:00\",\"dateModified\":\"2021-11-25T16:28:45+00:00\",\"breadcrumb\":{\"@id\":\"https:\/\/uroni.fm-dev.com.hr\/hr\/prolonged-life\/#breadcrumb\"},\"inLanguage\":\"hr\",\"potentialAction\":[{\"@type\":\"ReadAction\",\"target\":[\"https:\/\/uroni.fm-dev.com.hr\/hr\/prolonged-life\/\"]}]},{\"@type\":\"BreadcrumbList\",\"@id\":\"https:\/\/uroni.fm-dev.com.hr\/hr\/prolonged-life\/#breadcrumb\",\"itemListElement\":[{\"@type\":\"ListItem\",\"position\":1,\"name\":\"Home\",\"item\":\"https:\/\/uroni.fm-dev.com.hr\/hr\/\"},{\"@type\":\"ListItem\",\"position\":2,\"name\":\"New Life\"}]}]}<\/script>\n<!-- \/ Yoast SEO plugin. -->","yoast_head_json":{"title":"New Life - Uroni","robots":{"index":"noindex","follow":"follow","max-snippet":"max-snippet:-1","max-image-preview":"max-image-preview:large","max-video-preview":"max-video-preview:-1"},"og_locale":"hr_HR","og_type":"article","og_title":"New Life - Uroni","og_description":"We believe bringing a new life to things whose original purpose has come to an end. And that\u2019s why our pots are designed to live on even after your enjoyment of the candle is over. The possibilities are endless, and we have a few suggestions on how to breathe new life into Uroni pots.","og_url":"https:\/\/uroni.fm-dev.com.hr\/hr\/prolonged-life\/","og_site_name":"Uroni","article_modified_time":"2021-11-25T16:28:45+00:00","og_image":[{"url":"https:\/\/uroni.fm-dev.com.hr\/wp-content\/uploads\/2021\/11\/02-New-Life-1024x683.jpg"}],"twitter_card":"summary_large_image","twitter_misc":{"Procijenjeno vrijeme \u010ditanja":"2 minute"},"schema":{"@context":"https:\/\/schema.org","@graph":[{"@type":"WebSite","@id":"https:\/\/uroni.fm-dev.com.hr\/hr\/#website","url":"https:\/\/uroni.fm-dev.com.hr\/hr\/","name":"Uroni","description":"Uroni u miris \u010distog planinskog zraka, misti\u010dne \u0161ume i energi\u010dnog vala.","potentialAction":[{"@type":"SearchAction","target":{"@type":"EntryPoint","urlTemplate":"https:\/\/uroni.fm-dev.com.hr\/hr\/?s={search_term_string}"},"query-input":"required name=search_term_string"}],"inLanguage":"hr"},{"@type":"ImageObject","@id":"https:\/\/uroni.fm-dev.com.hr\/hr\/prolonged-life\/#primaryimage","inLanguage":"hr","url":"https:\/\/uroni.fm-dev.com.hr\/wp-content\/uploads\/2021\/11\/02-New-Life-1024x683.jpg","contentUrl":"https:\/\/uroni.fm-dev.com.hr\/wp-content\/uploads\/2021\/11\/02-New-Life-1024x683.jpg"},{"@type":"WebPage","@id":"https:\/\/uroni.fm-dev.com.hr\/hr\/prolonged-life\/#webpage","url":"https:\/\/uroni.fm-dev.com.hr\/hr\/prolonged-life\/","name":"New Life - Uroni","isPartOf":{"@id":"https:\/\/uroni.fm-dev.com.hr\/hr\/#website"},"primaryImageOfPage":{"@id":"https:\/\/uroni.fm-dev.com.hr\/hr\/prolonged-life\/#primaryimage"},"datePublished":"2021-11-08T10:04:49+00:00","dateModified":"2021-11-25T16:28:45+00:00","breadcrumb":{"@id":"https:\/\/uroni.fm-dev.com.hr\/hr\/prolonged-life\/#breadcrumb"},"inLanguage":"hr","potentialAction":[{"@type":"ReadAction","target":["https:\/\/uroni.fm-dev.com.hr\/hr\/prolonged-life\/"]}]},{"@type":"BreadcrumbList","@id":"https:\/\/uroni.fm-dev.com.hr\/hr\/prolonged-life\/#breadcrumb","itemListElement":[{"@type":"ListItem","position":1,"name":"Home","item":"https:\/\/uroni.fm-dev.com.hr\/hr\/"},{"@type":"ListItem","position":2,"name":"New Life"}]}]}},"_links":{"self":[{"href":"https:\/\/uroni.fm-dev.com.hr\/hr\/wp-json\/wp\/v2\/pages\/500","targetHints":{"allow":["GET"]}}],"collection":[{"href":"https:\/\/uroni.fm-dev.com.hr\/hr\/wp-json\/wp\/v2\/pages"}],"about":[{"href":"https:\/\/uroni.fm-dev.com.hr\/hr\/wp-json\/wp\/v2\/types\/page"}],"author":[{"embeddable":true,"href":"https:\/\/uroni.fm-dev.com.hr\/hr\/wp-json\/wp\/v2\/users\/1"}],"replies":[{"embeddable":true,"href":"https:\/\/uroni.fm-dev.com.hr\/hr\/wp-json\/wp\/v2\/comments?post=500"}],"version-history":[{"count":5,"href":"https:\/\/uroni.fm-dev.com.hr\/hr\/wp-json\/wp\/v2\/pages\/500\/revisions"}],"predecessor-version":[{"id":875,"href":"https:\/\/uroni.fm-dev.com.hr\/hr\/wp-json\/wp\/v2\/pages\/500\/revisions\/875"}],"wp:attachment":[{"href":"https:\/\/uroni.fm-dev.com.hr\/hr\/wp-json\/wp\/v2\/media?parent=500"}],"curies":[{"name":"wp","href":"https:\/\/api.w.org\/{rel}","templated":true}]}}