{"id":6,"date":"2021-04-25T12:07:13","date_gmt":"2021-04-25T12:07:13","guid":{"rendered":"https:\/\/uroni.fm-dev.com.hr\/shop\/"},"modified":"2021-11-22T01:33:06","modified_gmt":"2021-11-22T00:33:06","slug":"shop","status":"publish","type":"page","link":"https:\/\/uroni.fm-dev.com.hr\/hr\/shop\/","title":{"rendered":"Shop"},"content":{"rendered":"<div data-elementor-type=\"wp-page\" data-elementor-id=\"6\" class=\"elementor elementor-6\" data-elementor-settings=\"[]\">\n\t\t\t\t\t\t\t<div class=\"elementor-section-wrap\">\n\t\t\t\t\t\t\t<section class=\"elementor-section elementor-top-section elementor-element elementor-element-68aa76b products-homepage elementor-section-boxed elementor-section-height-default elementor-section-height-default\" data-id=\"68aa76b\" data-element_type=\"section\">\n\t\t\t\t\t\t<div class=\"elementor-container elementor-column-gap-no\">\n\t\t\t\t\t<div class=\"elementor-column elementor-col-100 elementor-top-column elementor-element elementor-element-74d2bb2\" data-id=\"74d2bb2\" data-element_type=\"column\">\n\t\t\t<div class=\"elementor-widget-wrap elementor-element-populated\">\n\t\t\t\t\t\t\t\t<div class=\"elementor-element elementor-element-cb9d13a elementor-widget elementor-widget-heading\" data-id=\"cb9d13a\" data-element_type=\"widget\" data-widget_type=\"heading.default\">\n\t\t\t\t<div class=\"elementor-widget-container\">\n\t\t\t<h2 class=\"elementor-heading-title elementor-size-default\">Uroni kolekcija<\/h2>\t\t<\/div>\n\t\t\t\t<\/div>\n\t\t\t\t<div class=\"elementor-element elementor-element-9bf3704 elementor-widget elementor-widget-text-editor\" data-id=\"9bf3704\" data-element_type=\"widget\" data-widget_type=\"text-editor.default\">\n\t\t\t\t<div class=\"elementor-widget-container\">\n\t\t\t\t\t\t\t\t<p>Uroni u miris \u010distog planinskog zraka, misti\u010dne \u0161ume i energi\u010dnog vala<\/p>\t\t\t\t\t\t<\/div>\n\t\t\t\t<\/div>\n\t\t\t\t<div class=\"elementor-element elementor-element-e3c1cf6 elementor-widget elementor-widget-shortcode\" data-id=\"e3c1cf6\" data-element_type=\"widget\" data-widget_type=\"shortcode.default\">\n\t\t\t\t<div class=\"elementor-widget-container\">\n\t\t\t\t\t<div class=\"elementor-shortcode\"><div class=\"woocommerce columns-3\"><ul data-products=\"type-1\" data-alignment=\"left\" class=\"products columns-3\">\n<li class=\"product type-product post-491 status-publish first outofstock product_cat-candles has-post-thumbnail taxable shipping-taxable purchasable product-type-simple\">\n\t<a href=\"https:\/\/uroni.fm-dev.com.hr\/hr\/proizvod\/atop-the-mountain-top\/\" class=\"woocommerce-LoopProduct-link woocommerce-loop-product__link\"><img loading=\"lazy\" decoding=\"async\" width=\"300\" height=\"450\" src=\"https:\/\/uroni.fm-dev.com.hr\/wp-content\/uploads\/2021\/11\/03-Home-Page-Uroni-Collection-ATMT-prva-slika-scaled-300x450.jpg\" class=\"attachment-woocommerce_thumbnail size-woocommerce_thumbnail\" alt=\"Uroni Collection - ATMT\" srcset=\"https:\/\/uroni.fm-dev.com.hr\/wp-content\/uploads\/2021\/11\/03-Home-Page-Uroni-Collection-ATMT-prva-slika-scaled-300x450.jpg 300w, https:\/\/uroni.fm-dev.com.hr\/wp-content\/uploads\/2021\/11\/03-Home-Page-Uroni-Collection-ATMT-prva-slika-200x300.jpg 200w, https:\/\/uroni.fm-dev.com.hr\/wp-content\/uploads\/2021\/11\/03-Home-Page-Uroni-Collection-ATMT-prva-slika-683x1024.jpg 683w, https:\/\/uroni.fm-dev.com.hr\/wp-content\/uploads\/2021\/11\/03-Home-Page-Uroni-Collection-ATMT-prva-slika-768x1152.jpg 768w, https:\/\/uroni.fm-dev.com.hr\/wp-content\/uploads\/2021\/11\/03-Home-Page-Uroni-Collection-ATMT-prva-slika-1024x1536.jpg 1024w, https:\/\/uroni.fm-dev.com.hr\/wp-content\/uploads\/2021\/11\/03-Home-Page-Uroni-Collection-ATMT-prva-slika-1365x2048.jpg 1365w, https:\/\/uroni.fm-dev.com.hr\/wp-content\/uploads\/2021\/11\/03-Home-Page-Uroni-Collection-ATMT-prva-slika-8x12.jpg 8w, https:\/\/uroni.fm-dev.com.hr\/wp-content\/uploads\/2021\/11\/03-Home-Page-Uroni-Collection-ATMT-prva-slika-600x900.jpg 600w, https:\/\/uroni.fm-dev.com.hr\/wp-content\/uploads\/2021\/11\/03-Home-Page-Uroni-Collection-ATMT-prva-slika-scaled.jpg 1706w\" sizes=\"auto, (max-width: 300px) 100vw, 300px\" \/><h2 class=\"woocommerce-loop-product__title\">Atop the Mountain Top<\/h2>\n\t<span class=\"price\"><span class=\"woocommerce-Price-amount amount\"><bdi>300.00<span class=\"woocommerce-Price-currencySymbol\">kn<\/span><\/bdi><\/span><span class=\"&quot;woocommerce-Price-amount\" amount amount-eur&quot;> <small>(39.82 \u20ac)<\/small> <\/span><\/span>\n<span class=\"rate_archive_page\"><small>1 EUR = 7,53450 HRK<\/small><\/span><\/a><a href=\"https:\/\/uroni.fm-dev.com.hr\/hr\/proizvod\/atop-the-mountain-top\/\" data-quantity=\"1\" class=\"button product_type_simple\" data-product_id=\"491\" data-product_sku=\"0001\" aria-label=\"Pro\u010ditaj vi\u0161e o \u201cAtop the Mountain Top\u201d\" aria-describedby=\"\" rel=\"nofollow\" data-no-translation=\"\" data-trp-gettext=\"\" data-no-translation-aria-label=\"\">Pro\u010ditaj vi\u0161e<\/a><\/li>\n<li class=\"product type-product post-493 status-publish instock product_cat-candles has-post-thumbnail taxable shipping-taxable purchasable product-type-simple\">\n\t<a href=\"https:\/\/uroni.fm-dev.com.hr\/hr\/proizvod\/lost-in-the-woods\/\" class=\"woocommerce-LoopProduct-link woocommerce-loop-product__link\"><img loading=\"lazy\" decoding=\"async\" width=\"300\" height=\"450\" src=\"https:\/\/uroni.fm-dev.com.hr\/wp-content\/uploads\/2021\/11\/05-Home-Page-Uroni-Collection-LITW-prva-slika-scaled-300x450.jpg\" class=\"attachment-woocommerce_thumbnail size-woocommerce_thumbnail\" alt=\"Uroni Collection - LITW\" srcset=\"https:\/\/uroni.fm-dev.com.hr\/wp-content\/uploads\/2021\/11\/05-Home-Page-Uroni-Collection-LITW-prva-slika-scaled-300x450.jpg 300w, https:\/\/uroni.fm-dev.com.hr\/wp-content\/uploads\/2021\/11\/05-Home-Page-Uroni-Collection-LITW-prva-slika-200x300.jpg 200w, https:\/\/uroni.fm-dev.com.hr\/wp-content\/uploads\/2021\/11\/05-Home-Page-Uroni-Collection-LITW-prva-slika-683x1024.jpg 683w, https:\/\/uroni.fm-dev.com.hr\/wp-content\/uploads\/2021\/11\/05-Home-Page-Uroni-Collection-LITW-prva-slika-768x1152.jpg 768w, https:\/\/uroni.fm-dev.com.hr\/wp-content\/uploads\/2021\/11\/05-Home-Page-Uroni-Collection-LITW-prva-slika-1024x1536.jpg 1024w, https:\/\/uroni.fm-dev.com.hr\/wp-content\/uploads\/2021\/11\/05-Home-Page-Uroni-Collection-LITW-prva-slika-1365x2048.jpg 1365w, https:\/\/uroni.fm-dev.com.hr\/wp-content\/uploads\/2021\/11\/05-Home-Page-Uroni-Collection-LITW-prva-slika-8x12.jpg 8w, https:\/\/uroni.fm-dev.com.hr\/wp-content\/uploads\/2021\/11\/05-Home-Page-Uroni-Collection-LITW-prva-slika-600x900.jpg 600w, https:\/\/uroni.fm-dev.com.hr\/wp-content\/uploads\/2021\/11\/05-Home-Page-Uroni-Collection-LITW-prva-slika-scaled.jpg 1707w\" sizes=\"auto, (max-width: 300px) 100vw, 300px\" \/><h2 class=\"woocommerce-loop-product__title\">Lost in the Woods<\/h2>\n\t<span class=\"price\"><span class=\"woocommerce-Price-amount amount\"><bdi>300.00<span class=\"woocommerce-Price-currencySymbol\">kn<\/span><\/bdi><\/span><span class=\"&quot;woocommerce-Price-amount\" amount amount-eur&quot;> <small>(39.82 \u20ac)<\/small> <\/span><\/span>\n<span class=\"rate_archive_page\"><small>1 EUR = 7,53450 HRK<\/small><\/span><\/a><a href=\"?add-to-cart=493\" data-quantity=\"1\" class=\"button product_type_simple add_to_cart_button ajax_add_to_cart\" data-product_id=\"493\" data-product_sku=\"0002\" aria-label=\"Add to cart: \u201cLost in the Woods\u201d\" aria-describedby=\"\" rel=\"nofollow\" data-no-translation=\"\" data-trp-gettext=\"\" data-no-translation-aria-label=\"\">Dodaj u ko\u0161aricu<\/a><\/li>\n<li class=\"product type-product post-535 status-publish last outofstock product_cat-candles has-post-thumbnail taxable shipping-taxable purchasable product-type-simple\">\n\t<a href=\"https:\/\/uroni.fm-dev.com.hr\/hr\/proizvod\/riding-the-wave\/\" class=\"woocommerce-LoopProduct-link woocommerce-loop-product__link\"><img loading=\"lazy\" decoding=\"async\" width=\"300\" height=\"450\" src=\"https:\/\/uroni.fm-dev.com.hr\/wp-content\/uploads\/2021\/11\/07-Home-Page-Uroni-Collection-RTW-prva-slika-scaled-300x450.jpg\" class=\"attachment-woocommerce_thumbnail size-woocommerce_thumbnail\" alt=\"Uroni Collection - RTW\" srcset=\"https:\/\/uroni.fm-dev.com.hr\/wp-content\/uploads\/2021\/11\/07-Home-Page-Uroni-Collection-RTW-prva-slika-scaled-300x450.jpg 300w, https:\/\/uroni.fm-dev.com.hr\/wp-content\/uploads\/2021\/11\/07-Home-Page-Uroni-Collection-RTW-prva-slika-200x300.jpg 200w, https:\/\/uroni.fm-dev.com.hr\/wp-content\/uploads\/2021\/11\/07-Home-Page-Uroni-Collection-RTW-prva-slika-683x1024.jpg 683w, https:\/\/uroni.fm-dev.com.hr\/wp-content\/uploads\/2021\/11\/07-Home-Page-Uroni-Collection-RTW-prva-slika-768x1152.jpg 768w, https:\/\/uroni.fm-dev.com.hr\/wp-content\/uploads\/2021\/11\/07-Home-Page-Uroni-Collection-RTW-prva-slika-1024x1536.jpg 1024w, https:\/\/uroni.fm-dev.com.hr\/wp-content\/uploads\/2021\/11\/07-Home-Page-Uroni-Collection-RTW-prva-slika-1366x2048.jpg 1366w, https:\/\/uroni.fm-dev.com.hr\/wp-content\/uploads\/2021\/11\/07-Home-Page-Uroni-Collection-RTW-prva-slika-8x12.jpg 8w, https:\/\/uroni.fm-dev.com.hr\/wp-content\/uploads\/2021\/11\/07-Home-Page-Uroni-Collection-RTW-prva-slika-600x900.jpg 600w, https:\/\/uroni.fm-dev.com.hr\/wp-content\/uploads\/2021\/11\/07-Home-Page-Uroni-Collection-RTW-prva-slika-scaled.jpg 1707w\" sizes=\"auto, (max-width: 300px) 100vw, 300px\" \/><h2 class=\"woocommerce-loop-product__title\">Riding the Wave<\/h2>\n\t<span class=\"price\"><span class=\"woocommerce-Price-amount amount\"><bdi>299.50<span class=\"woocommerce-Price-currencySymbol\">kn<\/span><\/bdi><\/span><span class=\"&quot;woocommerce-Price-amount\" amount amount-eur&quot;> <small>(39.75 \u20ac)<\/small> <\/span><\/span>\n<span class=\"rate_archive_page\"><small>1 EUR = 7,53450 HRK<\/small><\/span><\/a><a href=\"https:\/\/uroni.fm-dev.com.hr\/hr\/proizvod\/riding-the-wave\/\" data-quantity=\"1\" class=\"button product_type_simple\" data-product_id=\"535\" data-product_sku=\"0003\" aria-label=\"Pro\u010ditaj vi\u0161e o \u201cRiding the Wave\u201d\" aria-describedby=\"\" rel=\"nofollow\" data-no-translation=\"\" data-trp-gettext=\"\" data-no-translation-aria-label=\"\">Pro\u010ditaj vi\u0161e<\/a><\/li>\n<\/ul>\n<\/div><\/div>\n\t\t\t\t<\/div>\n\t\t\t\t<\/div>\n\t\t\t\t\t<\/div>\n\t\t<\/div>\n\t\t\t\t\t\t\t<\/div>\n\t\t<\/section>\n\t\t\t\t<section class=\"elementor-section elementor-top-section elementor-element elementor-element-477d1b4 products-homepage elementor-section-boxed elementor-section-height-default elementor-section-height-default\" data-id=\"477d1b4\" data-element_type=\"section\">\n\t\t\t\t\t\t<div class=\"elementor-container elementor-column-gap-no\">\n\t\t\t\t\t<div class=\"elementor-column elementor-col-100 elementor-top-column elementor-element elementor-element-8781088\" data-id=\"8781088\" data-element_type=\"column\">\n\t\t\t<div class=\"elementor-widget-wrap elementor-element-populated\">\n\t\t\t\t\t\t\t\t<div class=\"elementor-element elementor-element-6305634 elementor-widget elementor-widget-heading\" data-id=\"6305634\" data-element_type=\"widget\" data-widget_type=\"heading.default\">\n\t\t\t\t<div class=\"elementor-widget-container\">\n\t\t\t<h2 class=\"elementor-heading-title elementor-size-default\">Uroni Edicija<\/h2>\t\t<\/div>\n\t\t\t\t<\/div>\n\t\t\t\t<div class=\"elementor-element elementor-element-af0bde9 elementor-widget elementor-widget-text-editor\" data-id=\"af0bde9\" data-element_type=\"widget\" data-widget_type=\"text-editor.default\">\n\t\t\t\t<div class=\"elementor-widget-container\">\n\t\t\t\t\t\t\t\t<p>Uroni u mirisnu \u010daroliju bo\u017ei\u0107nog jutra<\/p>\t\t\t\t\t\t<\/div>\n\t\t\t\t<\/div>\n\t\t\t\t<div class=\"elementor-element elementor-element-bb3508e elementor-widget__width-initial elementor-widget elementor-widget-shortcode\" data-id=\"bb3508e\" data-element_type=\"widget\" data-widget_type=\"shortcode.default\">\n\t\t\t\t<div class=\"elementor-widget-container\">\n\t\t\t\t\t<div class=\"elementor-shortcode\"><div class=\"woocommerce columns-1\"><ul data-products=\"type-1\" data-alignment=\"left\" class=\"products columns-1\">\n<li class=\"product type-product post-536 status-publish first instock product_cat-candles has-post-thumbnail taxable shipping-taxable purchasable product-type-simple\">\n\t<a href=\"https:\/\/uroni.fm-dev.com.hr\/hr\/proizvod\/no-25\/\" class=\"woocommerce-LoopProduct-link woocommerce-loop-product__link\"><img loading=\"lazy\" decoding=\"async\" width=\"300\" height=\"185\" src=\"https:\/\/uroni.fm-dev.com.hr\/wp-content\/uploads\/2021\/11\/01-Home-Page-Shop_No.-25-1-300x185.jpg\" class=\"attachment-woocommerce_thumbnail size-woocommerce_thumbnail\" alt=\"No25\" srcset=\"https:\/\/uroni.fm-dev.com.hr\/wp-content\/uploads\/2021\/11\/01-Home-Page-Shop_No.-25-1-300x185.jpg 300w, https:\/\/uroni.fm-dev.com.hr\/wp-content\/uploads\/2021\/11\/01-Home-Page-Shop_No.-25-1-1024x632.jpg 1024w, https:\/\/uroni.fm-dev.com.hr\/wp-content\/uploads\/2021\/11\/01-Home-Page-Shop_No.-25-1-768x474.jpg 768w, https:\/\/uroni.fm-dev.com.hr\/wp-content\/uploads\/2021\/11\/01-Home-Page-Shop_No.-25-1-1536x948.jpg 1536w, https:\/\/uroni.fm-dev.com.hr\/wp-content\/uploads\/2021\/11\/01-Home-Page-Shop_No.-25-1-2048x1264.jpg 2048w, https:\/\/uroni.fm-dev.com.hr\/wp-content\/uploads\/2021\/11\/01-Home-Page-Shop_No.-25-1-18x12.jpg 18w, https:\/\/uroni.fm-dev.com.hr\/wp-content\/uploads\/2021\/11\/01-Home-Page-Shop_No.-25-1-1800x1111.jpg 1800w\" sizes=\"auto, (max-width: 300px) 100vw, 300px\" \/><h2 class=\"woocommerce-loop-product__title\">No. 25<\/h2>\n\t<span class=\"price\"><span class=\"woocommerce-Price-amount amount\"><bdi>300.00<span class=\"woocommerce-Price-currencySymbol\">kn<\/span><\/bdi><\/span><span class=\"&quot;woocommerce-Price-amount\" amount amount-eur&quot;> <small>(39.82 \u20ac)<\/small> <\/span><\/span>\n<span class=\"rate_archive_page\"><small>1 EUR = 7,53450 HRK<\/small><\/span><\/a><a href=\"?add-to-cart=536\" data-quantity=\"1\" class=\"button product_type_simple add_to_cart_button ajax_add_to_cart\" data-product_id=\"536\" data-product_sku=\"0025\" aria-label=\"Add to cart: \u201cNo. 25\u201d\" aria-describedby=\"\" rel=\"nofollow\" data-no-translation=\"\" data-trp-gettext=\"\" data-no-translation-aria-label=\"\">Dodaj u ko\u0161aricu<\/a><\/li>\n<\/ul>\n<\/div><\/div>\n\t\t\t\t<\/div>\n\t\t\t\t<\/div>\n\t\t\t\t\t<\/div>\n\t\t<\/div>\n\t\t\t\t\t\t\t<\/div>\n\t\t<\/section>\n\t\t\t\t\t\t<\/div>\n\t\t\t\t\t<\/div>","protected":false},"excerpt":{"rendered":"<p>Uroni Collection Immerse yourself in the scent of clean mountain air, mystical forests and energetic waves of the sea Uroni Special Immerse yourself in the fragrant magic of a Christmas morning<\/p>","protected":false},"author":1,"featured_media":0,"parent":0,"menu_order":0,"comment_status":"closed","ping_status":"closed","template":"templates\/builder-fullwidth-std.php","meta":{"spay_email":"","footnotes":""},"class_list":["post-6","page","type-page","status-publish","hentry"],"blocksy_meta":{"styles_descriptor":{"styles":{"desktop":"","tablet":"","mobile":""},"google_fonts":[],"version":2}},"yoast_head":"<!-- This site is optimized with the Yoast SEO plugin v17.1 - https:\/\/yoast.com\/wordpress\/plugins\/seo\/ -->\n<title>Shop - Uroni<\/title>\n<meta name=\"robots\" content=\"noindex, follow, max-snippet:-1, max-image-preview:large, max-video-preview:-1\" \/>\n<meta property=\"og:locale\" content=\"hr_HR\" \/>\n<meta property=\"og:type\" content=\"article\" \/>\n<meta property=\"og:title\" content=\"Shop - Uroni\" \/>\n<meta property=\"og:description\" content=\"Uroni Collection Immerse yourself in the scent of clean mountain air, mystical forests and energetic waves of the sea Uroni Special Immerse yourself in the fragrant magic of a Christmas morning\" \/>\n<meta property=\"og:url\" content=\"https:\/\/uroni.fm-dev.com.hr\/hr\/shop\/\" \/>\n<meta property=\"og:site_name\" content=\"Uroni\" \/>\n<meta property=\"article:modified_time\" content=\"2021-11-22T00:33:06+00:00\" \/>\n<meta name=\"twitter:card\" content=\"summary_large_image\" \/>\n<meta name=\"twitter:label1\" content=\"Procijenjeno vrijeme \u010ditanja\" \/>\n\t<meta name=\"twitter:data1\" content=\"1 minuta\" \/>\n<script type=\"application\/ld+json\" class=\"yoast-schema-graph\">{\"@context\":\"https:\/\/schema.org\",\"@graph\":[{\"@type\":\"WebSite\",\"@id\":\"https:\/\/uroni.fm-dev.com.hr\/hr\/#website\",\"url\":\"https:\/\/uroni.fm-dev.com.hr\/hr\/\",\"name\":\"Uroni\",\"description\":\"Uroni u miris \\u010distog planinskog zraka, misti\\u010dne \\u0161ume i energi\\u010dnog vala.\",\"potentialAction\":[{\"@type\":\"SearchAction\",\"target\":{\"@type\":\"EntryPoint\",\"urlTemplate\":\"https:\/\/uroni.fm-dev.com.hr\/hr\/?s={search_term_string}\"},\"query-input\":\"required name=search_term_string\"}],\"inLanguage\":\"hr\"},{\"@type\":\"WebPage\",\"@id\":\"https:\/\/uroni.fm-dev.com.hr\/hr\/shop\/#webpage\",\"url\":\"https:\/\/uroni.fm-dev.com.hr\/hr\/shop\/\",\"name\":\"Shop - Uroni\",\"isPartOf\":{\"@id\":\"https:\/\/uroni.fm-dev.com.hr\/hr\/#website\"},\"datePublished\":\"2021-04-25T12:07:13+00:00\",\"dateModified\":\"2021-11-22T00:33:06+00:00\",\"breadcrumb\":{\"@id\":\"https:\/\/uroni.fm-dev.com.hr\/hr\/shop\/#breadcrumb\"},\"inLanguage\":\"hr\",\"potentialAction\":[{\"@type\":\"ReadAction\",\"target\":[\"https:\/\/uroni.fm-dev.com.hr\/hr\/shop\/\"]}]},{\"@type\":\"BreadcrumbList\",\"@id\":\"https:\/\/uroni.fm-dev.com.hr\/hr\/shop\/#breadcrumb\",\"itemListElement\":[{\"@type\":\"ListItem\",\"position\":1,\"name\":\"Home\",\"item\":\"https:\/\/uroni.fm-dev.com.hr\/hr\/\"},{\"@type\":\"ListItem\",\"position\":2,\"name\":\"Shop\"}]}]}<\/script>\n<!-- \/ Yoast SEO plugin. -->","yoast_head_json":{"title":"Shop - Uroni","robots":{"index":"noindex","follow":"follow","max-snippet":"max-snippet:-1","max-image-preview":"max-image-preview:large","max-video-preview":"max-video-preview:-1"},"og_locale":"hr_HR","og_type":"article","og_title":"Shop - Uroni","og_description":"Uroni Collection Immerse yourself in the scent of clean mountain air, mystical forests and energetic waves of the sea Uroni Special Immerse yourself in the fragrant magic of a Christmas morning","og_url":"https:\/\/uroni.fm-dev.com.hr\/hr\/shop\/","og_site_name":"Uroni","article_modified_time":"2021-11-22T00:33:06+00:00","twitter_card":"summary_large_image","twitter_misc":{"Procijenjeno vrijeme \u010ditanja":"1 minuta"},"schema":{"@context":"https:\/\/schema.org","@graph":[{"@type":"WebSite","@id":"https:\/\/uroni.fm-dev.com.hr\/hr\/#website","url":"https:\/\/uroni.fm-dev.com.hr\/hr\/","name":"Uroni","description":"Uroni u miris \u010distog planinskog zraka, misti\u010dne \u0161ume i energi\u010dnog vala.","potentialAction":[{"@type":"SearchAction","target":{"@type":"EntryPoint","urlTemplate":"https:\/\/uroni.fm-dev.com.hr\/hr\/?s={search_term_string}"},"query-input":"required name=search_term_string"}],"inLanguage":"hr"},{"@type":"WebPage","@id":"https:\/\/uroni.fm-dev.com.hr\/hr\/shop\/#webpage","url":"https:\/\/uroni.fm-dev.com.hr\/hr\/shop\/","name":"Shop - Uroni","isPartOf":{"@id":"https:\/\/uroni.fm-dev.com.hr\/hr\/#website"},"datePublished":"2021-04-25T12:07:13+00:00","dateModified":"2021-11-22T00:33:06+00:00","breadcrumb":{"@id":"https:\/\/uroni.fm-dev.com.hr\/hr\/shop\/#breadcrumb"},"inLanguage":"hr","potentialAction":[{"@type":"ReadAction","target":["https:\/\/uroni.fm-dev.com.hr\/hr\/shop\/"]}]},{"@type":"BreadcrumbList","@id":"https:\/\/uroni.fm-dev.com.hr\/hr\/shop\/#breadcrumb","itemListElement":[{"@type":"ListItem","position":1,"name":"Home","item":"https:\/\/uroni.fm-dev.com.hr\/hr\/"},{"@type":"ListItem","position":2,"name":"Shop"}]}]}},"_links":{"self":[{"href":"https:\/\/uroni.fm-dev.com.hr\/hr\/wp-json\/wp\/v2\/pages\/6","targetHints":{"allow":["GET"]}}],"collection":[{"href":"https:\/\/uroni.fm-dev.com.hr\/hr\/wp-json\/wp\/v2\/pages"}],"about":[{"href":"https:\/\/uroni.fm-dev.com.hr\/hr\/wp-json\/wp\/v2\/types\/page"}],"author":[{"embeddable":true,"href":"https:\/\/uroni.fm-dev.com.hr\/hr\/wp-json\/wp\/v2\/users\/1"}],"replies":[{"embeddable":true,"href":"https:\/\/uroni.fm-dev.com.hr\/hr\/wp-json\/wp\/v2\/comments?post=6"}],"version-history":[{"count":30,"href":"https:\/\/uroni.fm-dev.com.hr\/hr\/wp-json\/wp\/v2\/pages\/6\/revisions"}],"predecessor-version":[{"id":776,"href":"https:\/\/uroni.fm-dev.com.hr\/hr\/wp-json\/wp\/v2\/pages\/6\/revisions\/776"}],"wp:attachment":[{"href":"https:\/\/uroni.fm-dev.com.hr\/hr\/wp-json\/wp\/v2\/media?parent=6"}],"curies":[{"name":"wp","href":"https:\/\/api.w.org\/{rel}","templated":true}]}}