{"id":694,"date":"2021-11-15T16:07:17","date_gmt":"2021-11-15T15:07:17","guid":{"rendered":"https:\/\/uroni.fm-dev.com.hr\/?page_id=694"},"modified":"2021-11-22T01:36:29","modified_gmt":"2021-11-22T00:36:29","slug":"impressum","status":"publish","type":"page","link":"https:\/\/uroni.fm-dev.com.hr\/hr\/impressum\/","title":{"rendered":"Impressum"},"content":{"rendered":"<p><strong>Tvrtka<\/strong><br>CREO LAB GROUP d.o.o.<\/p>\n\n\n\n<p><strong>Adresa sjedi\u0161ta<\/strong><br>Industrijska cesta 14, 10360 Sesvete, Hrvatska<\/p>\n\n\n\n<p><strong>OIB<\/strong><br>22894862069<\/p>\n\n\n\n<p><strong>Sud registracije<\/strong><br>Trgova\u010dki sud u Zagrebu<\/p>\n\n\n\n<p><strong>MBS<\/strong><br>081328865<\/p>\n\n\n\n<p><strong>\u010clanovi uprave<\/strong><br>Mauro Luki\u0107 i Petar Jungi\u0107<\/p>\n\n\n\n<p><strong>Banka kod koje se vodi ra\u010dun<\/strong><br>Erste&amp;Steierm\u00e4rkische Bank d.d., Jadranski trg 3A, 51 000 Rijeka, Hrvatska<\/p>\n\n\n\n<p><strong>Broj ra\u010duna<\/strong><br>HR2224020061100990469<\/p>\n\n\n\n<p><strong>Temeljni kapital dru\u0161tva (upla\u0107en u cijelosti)<\/strong> <br>20.000,00 kn<\/p>","protected":false},"excerpt":{"rendered":"<p>Company nameCREO LAB GROUP ltd Registered seatIndustrijska cesta 14, 10360 Sesvete, Croatia OIB22894862069 Court of registrationCommercial Court in Zagreb Registration number (MBS)081328865 CEOsMauro Luki\u0107 i Petar Jungi\u0107 BankErste&amp;Steierm\u00e4rkische Bank d.d., Jadranski trg 3A, 51 000 Rijeka, Croatia Account no.HR2224020061100990469 Share capital (paid in full) HRK 20,000.00<\/p>","protected":false},"author":1,"featured_media":0,"parent":0,"menu_order":0,"comment_status":"closed","ping_status":"closed","template":"","meta":{"spay_email":"","footnotes":""},"class_list":["post-694","page","type-page","status-publish","hentry"],"blocksy_meta":{"styles_descriptor":{"styles":{"desktop":"","tablet":"","mobile":""},"google_fonts":[],"version":2}},"yoast_head":"<!-- This site is optimized with the Yoast SEO plugin v17.1 - https:\/\/yoast.com\/wordpress\/plugins\/seo\/ -->\n<title>Impressum - Uroni<\/title>\n<meta name=\"robots\" content=\"noindex, follow, max-snippet:-1, max-image-preview:large, max-video-preview:-1\" \/>\n<meta property=\"og:locale\" content=\"hr_HR\" \/>\n<meta property=\"og:type\" content=\"article\" \/>\n<meta property=\"og:title\" content=\"Impressum - Uroni\" \/>\n<meta property=\"og:description\" content=\"Company nameCREO LAB GROUP ltd Registered seatIndustrijska cesta 14, 10360 Sesvete, Croatia OIB22894862069 Court of registrationCommercial Court in Zagreb Registration number (MBS)081328865 CEOsMauro Luki\u0107 i Petar Jungi\u0107 BankErste&amp;Steierm\u00e4rkische Bank d.d., Jadranski trg 3A, 51 000 Rijeka, Croatia Account no.HR2224020061100990469 Share capital (paid in full) HRK 20,000.00\" \/>\n<meta property=\"og:url\" content=\"https:\/\/uroni.fm-dev.com.hr\/hr\/impressum\/\" \/>\n<meta property=\"og:site_name\" content=\"Uroni\" \/>\n<meta property=\"article:modified_time\" content=\"2021-11-22T00:36:29+00:00\" \/>\n<meta name=\"twitter:card\" content=\"summary_large_image\" \/>\n<meta name=\"twitter:label1\" content=\"Procijenjeno vrijeme \u010ditanja\" \/>\n\t<meta name=\"twitter:data1\" content=\"1 minuta\" \/>\n<script type=\"application\/ld+json\" class=\"yoast-schema-graph\">{\"@context\":\"https:\/\/schema.org\",\"@graph\":[{\"@type\":\"WebSite\",\"@id\":\"https:\/\/uroni.fm-dev.com.hr\/hr\/#website\",\"url\":\"https:\/\/uroni.fm-dev.com.hr\/hr\/\",\"name\":\"Uroni\",\"description\":\"Uroni u miris \\u010distog planinskog zraka, misti\\u010dne \\u0161ume i energi\\u010dnog vala.\",\"potentialAction\":[{\"@type\":\"SearchAction\",\"target\":{\"@type\":\"EntryPoint\",\"urlTemplate\":\"https:\/\/uroni.fm-dev.com.hr\/hr\/?s={search_term_string}\"},\"query-input\":\"required name=search_term_string\"}],\"inLanguage\":\"hr\"},{\"@type\":\"WebPage\",\"@id\":\"https:\/\/uroni.fm-dev.com.hr\/hr\/impressum\/#webpage\",\"url\":\"https:\/\/uroni.fm-dev.com.hr\/hr\/impressum\/\",\"name\":\"Impressum - Uroni\",\"isPartOf\":{\"@id\":\"https:\/\/uroni.fm-dev.com.hr\/hr\/#website\"},\"datePublished\":\"2021-11-15T15:07:17+00:00\",\"dateModified\":\"2021-11-22T00:36:29+00:00\",\"breadcrumb\":{\"@id\":\"https:\/\/uroni.fm-dev.com.hr\/hr\/impressum\/#breadcrumb\"},\"inLanguage\":\"hr\",\"potentialAction\":[{\"@type\":\"ReadAction\",\"target\":[\"https:\/\/uroni.fm-dev.com.hr\/hr\/impressum\/\"]}]},{\"@type\":\"BreadcrumbList\",\"@id\":\"https:\/\/uroni.fm-dev.com.hr\/hr\/impressum\/#breadcrumb\",\"itemListElement\":[{\"@type\":\"ListItem\",\"position\":1,\"name\":\"Home\",\"item\":\"https:\/\/uroni.fm-dev.com.hr\/hr\/\"},{\"@type\":\"ListItem\",\"position\":2,\"name\":\"Impressum\"}]}]}<\/script>\n<!-- \/ Yoast SEO plugin. -->","yoast_head_json":{"title":"Impressum - Uroni","robots":{"index":"noindex","follow":"follow","max-snippet":"max-snippet:-1","max-image-preview":"max-image-preview:large","max-video-preview":"max-video-preview:-1"},"og_locale":"hr_HR","og_type":"article","og_title":"Impressum - Uroni","og_description":"Company nameCREO LAB GROUP ltd Registered seatIndustrijska cesta 14, 10360 Sesvete, Croatia OIB22894862069 Court of registrationCommercial Court in Zagreb Registration number (MBS)081328865 CEOsMauro Luki\u0107 i Petar Jungi\u0107 BankErste&amp;Steierm\u00e4rkische Bank d.d., Jadranski trg 3A, 51 000 Rijeka, Croatia Account no.HR2224020061100990469 Share capital (paid in full) HRK 20,000.00","og_url":"https:\/\/uroni.fm-dev.com.hr\/hr\/impressum\/","og_site_name":"Uroni","article_modified_time":"2021-11-22T00:36:29+00:00","twitter_card":"summary_large_image","twitter_misc":{"Procijenjeno vrijeme \u010ditanja":"1 minuta"},"schema":{"@context":"https:\/\/schema.org","@graph":[{"@type":"WebSite","@id":"https:\/\/uroni.fm-dev.com.hr\/hr\/#website","url":"https:\/\/uroni.fm-dev.com.hr\/hr\/","name":"Uroni","description":"Uroni u miris \u010distog planinskog zraka, misti\u010dne \u0161ume i energi\u010dnog vala.","potentialAction":[{"@type":"SearchAction","target":{"@type":"EntryPoint","urlTemplate":"https:\/\/uroni.fm-dev.com.hr\/hr\/?s={search_term_string}"},"query-input":"required name=search_term_string"}],"inLanguage":"hr"},{"@type":"WebPage","@id":"https:\/\/uroni.fm-dev.com.hr\/hr\/impressum\/#webpage","url":"https:\/\/uroni.fm-dev.com.hr\/hr\/impressum\/","name":"Impressum - Uroni","isPartOf":{"@id":"https:\/\/uroni.fm-dev.com.hr\/hr\/#website"},"datePublished":"2021-11-15T15:07:17+00:00","dateModified":"2021-11-22T00:36:29+00:00","breadcrumb":{"@id":"https:\/\/uroni.fm-dev.com.hr\/hr\/impressum\/#breadcrumb"},"inLanguage":"hr","potentialAction":[{"@type":"ReadAction","target":["https:\/\/uroni.fm-dev.com.hr\/hr\/impressum\/"]}]},{"@type":"BreadcrumbList","@id":"https:\/\/uroni.fm-dev.com.hr\/hr\/impressum\/#breadcrumb","itemListElement":[{"@type":"ListItem","position":1,"name":"Home","item":"https:\/\/uroni.fm-dev.com.hr\/hr\/"},{"@type":"ListItem","position":2,"name":"Impressum"}]}]}},"_links":{"self":[{"href":"https:\/\/uroni.fm-dev.com.hr\/hr\/wp-json\/wp\/v2\/pages\/694","targetHints":{"allow":["GET"]}}],"collection":[{"href":"https:\/\/uroni.fm-dev.com.hr\/hr\/wp-json\/wp\/v2\/pages"}],"about":[{"href":"https:\/\/uroni.fm-dev.com.hr\/hr\/wp-json\/wp\/v2\/types\/page"}],"author":[{"embeddable":true,"href":"https:\/\/uroni.fm-dev.com.hr\/hr\/wp-json\/wp\/v2\/users\/1"}],"replies":[{"embeddable":true,"href":"https:\/\/uroni.fm-dev.com.hr\/hr\/wp-json\/wp\/v2\/comments?post=694"}],"version-history":[{"count":2,"href":"https:\/\/uroni.fm-dev.com.hr\/hr\/wp-json\/wp\/v2\/pages\/694\/revisions"}],"predecessor-version":[{"id":779,"href":"https:\/\/uroni.fm-dev.com.hr\/hr\/wp-json\/wp\/v2\/pages\/694\/revisions\/779"}],"wp:attachment":[{"href":"https:\/\/uroni.fm-dev.com.hr\/hr\/wp-json\/wp\/v2\/media?parent=694"}],"curies":[{"name":"wp","href":"https:\/\/api.w.org\/{rel}","templated":true}]}}