{"id":905,"date":"2021-11-30T10:49:29","date_gmt":"2021-11-30T09:49:29","guid":{"rendered":"https:\/\/uroni.fm-dev.com.hr\/?page_id=905"},"modified":"2021-11-30T10:51:11","modified_gmt":"2021-11-30T09:51:11","slug":"cookie-policy","status":"publish","type":"page","link":"https:\/\/uroni.fm-dev.com.hr\/hr\/cookie-policy\/","title":{"rendered":"Cookie policy"},"content":{"rendered":"<div data-elementor-type=\"wp-page\" data-elementor-id=\"905\" class=\"elementor elementor-905\" data-elementor-settings=\"[]\">\n\t\t\t\t\t\t\t<div class=\"elementor-section-wrap\">\n\t\t\t\t\t\t\t<section class=\"elementor-section elementor-top-section elementor-element elementor-element-24d94058 elementor-section-boxed elementor-section-height-default elementor-section-height-default\" data-id=\"24d94058\" data-element_type=\"section\">\n\t\t\t\t\t\t<div class=\"elementor-container elementor-column-gap-default\">\n\t\t\t\t\t<div class=\"elementor-column elementor-col-100 elementor-top-column elementor-element elementor-element-412b2ae2\" data-id=\"412b2ae2\" data-element_type=\"column\">\n\t\t\t<div class=\"elementor-widget-wrap elementor-element-populated\">\n\t\t\t\t\t\t\t\t<div class=\"elementor-element elementor-element-1c587a32 elementor-widget elementor-widget-text-editor\" data-id=\"1c587a32\" data-element_type=\"widget\" data-widget_type=\"text-editor.default\">\n\t\t\t\t<div class=\"elementor-widget-container\">\n\t\t\t\t\t\t\t\t<!-- wp:paragraph -->\n<p><em>Version 1, November 2021, Zagreb, Republic of Croatia<\/em><\/p>\n<!-- \/wp:paragraph -->\t\t\t\t\t\t<\/div>\n\t\t\t\t<\/div>\n\t\t\t\t\t<\/div>\n\t\t<\/div>\n\t\t\t\t\t\t\t<\/div>\n\t\t<\/section>\n\t\t\t\t<section class=\"elementor-section elementor-top-section elementor-element elementor-element-bb323e4 elementor-section-boxed elementor-section-height-default elementor-section-height-default\" data-id=\"bb323e4\" data-element_type=\"section\">\n\t\t\t\t\t\t<div class=\"elementor-container elementor-column-gap-default\">\n\t\t\t\t\t<div class=\"elementor-column elementor-col-100 elementor-top-column elementor-element elementor-element-289b0a8\" data-id=\"289b0a8\" data-element_type=\"column\">\n\t\t\t<div class=\"elementor-widget-wrap elementor-element-populated\">\n\t\t\t\t\t\t\t\t<div class=\"elementor-element elementor-element-9eee701 elementor-widget elementor-widget-toggle\" data-id=\"9eee701\" data-element_type=\"widget\" data-widget_type=\"toggle.default\">\n\t\t\t\t<div class=\"elementor-widget-container\">\n\t\t\t\t\t<div class=\"elementor-toggle\" role=\"tablist\">\n\t\t\t\t\t\t\t<div class=\"elementor-toggle-item\">\n\t\t\t\t\t<div id=\"elementor-tab-title-1661\" class=\"elementor-tab-title\" data-tab=\"1\" role=\"tab\" aria-controls=\"elementor-tab-content-1661\" aria-expanded=\"false\">\n\t\t\t\t\t\t\t\t\t\t\t\t<span class=\"elementor-toggle-icon elementor-toggle-icon-left\" aria-hidden=\"true\">\n\t\t\t\t\t\t\t\t\t\t\t\t\t\t\t<span class=\"elementor-toggle-icon-closed\"><i class=\"fas fa-caret-right\"><\/i><\/span>\n\t\t\t\t\t\t\t\t<span class=\"elementor-toggle-icon-opened\"><i class=\"elementor-toggle-icon-opened fas fa-caret-up\"><\/i><\/span>\n\t\t\t\t\t\t\t\t\t\t\t\t\t<\/span>\n\t\t\t\t\t\t\t\t\t\t\t\t<a href=\"\" class=\"elementor-toggle-title\">Introductory remarks<\/a>\n\t\t\t\t\t<\/div>\n\t\t\t\t\t<div id=\"elementor-tab-content-1661\" class=\"elementor-tab-content elementor-clearfix\" data-tab=\"1\" role=\"tabpanel\" aria-labelledby=\"elementor-tab-title-1661\"><p>Welcome to the website and online store www.uroni.co (hereinafter: the &#8220;website&#8221;)!<\/p>\n<p>We are a company CREO LAB GROUP doo for production (hereinafter: &#8220;CLG&#8221;, &#8220;we&#8221;, &#8220;our&#8221;, &#8220;our&#8221;) with its registered office at Industrijska cesta 14, 10 360 Sesvete, Croatia, OIB: 22894862069 and we are the owners of the brand URONI, goods (products) URONI and the website.<\/p>\n<p>This Cookie Policy is intended for all visitors, ie users of the website and its functionalities (hereinafter: &#8220;user&#8221;, &#8220;You&#8221;, &#8220;Your&#8221;, &#8220;Your&#8221;).<\/p>\n<p>If you have any questions regarding our website, as well as questions regarding this Cookie Policy, please feel free to contact us via the following available contacts:<\/p>\n<p><strong>Writing:<br \/><\/strong><em>Industrijska cesta 14, 10360 Sesvete, Hrvatska<\/em><\/p>\n<p><strong>Email:<br \/><\/strong><a href=\"mailto:info@uroni.co\"><em>info@uroni.co<\/em><\/a><\/p>\n<p><strong>Call:<br \/><\/strong><em>+385 98 981 6704<\/em><\/p><\/div>\n\t\t\t\t<\/div>\n\t\t\t\t\t\t\t<div class=\"elementor-toggle-item\">\n\t\t\t\t\t<div id=\"elementor-tab-title-1662\" class=\"elementor-tab-title\" data-tab=\"2\" role=\"tab\" aria-controls=\"elementor-tab-content-1662\" aria-expanded=\"false\">\n\t\t\t\t\t\t\t\t\t\t\t\t<span class=\"elementor-toggle-icon elementor-toggle-icon-left\" aria-hidden=\"true\">\n\t\t\t\t\t\t\t\t\t\t\t\t\t\t\t<span class=\"elementor-toggle-icon-closed\"><i class=\"fas fa-caret-right\"><\/i><\/span>\n\t\t\t\t\t\t\t\t<span class=\"elementor-toggle-icon-opened\"><i class=\"elementor-toggle-icon-opened fas fa-caret-up\"><\/i><\/span>\n\t\t\t\t\t\t\t\t\t\t\t\t\t<\/span>\n\t\t\t\t\t\t\t\t\t\t\t\t<a href=\"\" class=\"elementor-toggle-title\">Cookie Policy Information<\/a>\n\t\t\t\t\t<\/div>\n\t\t\t\t\t<div id=\"elementor-tab-content-1662\" class=\"elementor-tab-content elementor-clearfix\" data-tab=\"2\" role=\"tabpanel\" aria-labelledby=\"elementor-tab-title-1662\"><p><strong>You can find all important information about cookies in this Cookie Policy<\/strong> which CLG uses in connection with the website.<\/p>\n<p>CLG reserves the right at any time, for any reason, with or without special notice, to change this Cookie Policy.<\/p>\n<p>In order to always be aware of the latest and valid version of the Cookie Policy, please check our website and Cookie Policy regularly.<\/p><\/div>\n\t\t\t\t<\/div>\n\t\t\t\t\t\t\t<div class=\"elementor-toggle-item\">\n\t\t\t\t\t<div id=\"elementor-tab-title-1663\" class=\"elementor-tab-title\" data-tab=\"3\" role=\"tab\" aria-controls=\"elementor-tab-content-1663\" aria-expanded=\"false\">\n\t\t\t\t\t\t\t\t\t\t\t\t<span class=\"elementor-toggle-icon elementor-toggle-icon-left\" aria-hidden=\"true\">\n\t\t\t\t\t\t\t\t\t\t\t\t\t\t\t<span class=\"elementor-toggle-icon-closed\"><i class=\"fas fa-caret-right\"><\/i><\/span>\n\t\t\t\t\t\t\t\t<span class=\"elementor-toggle-icon-opened\"><i class=\"elementor-toggle-icon-opened fas fa-caret-up\"><\/i><\/span>\n\t\t\t\t\t\t\t\t\t\t\t\t\t<\/span>\n\t\t\t\t\t\t\t\t\t\t\t\t<a href=\"\" class=\"elementor-toggle-title\">What are cookies<\/a>\n\t\t\t\t\t<\/div>\n\t\t\t\t\t<div id=\"elementor-tab-content-1663\" class=\"elementor-tab-content elementor-clearfix\" data-tab=\"3\" role=\"tabpanel\" aria-labelledby=\"elementor-tab-title-1663\"><p><strong>Cookies are small text files that are stored on your computer or mobile device when you visit (use) websites.<\/strong><\/p>\n<p>There are different types of cookies, but the basic division of cookies is: cookies by source (first-party cookies and third-party cookies), cookies by duration (temporary cookies and permanent cookies) and cookies by function (technical cookies, functional cookies, advertising cookies and analytical cookies).<\/p><\/div>\n\t\t\t\t<\/div>\n\t\t\t\t\t\t\t<div class=\"elementor-toggle-item\">\n\t\t\t\t\t<div id=\"elementor-tab-title-1664\" class=\"elementor-tab-title\" data-tab=\"4\" role=\"tab\" aria-controls=\"elementor-tab-content-1664\" aria-expanded=\"false\">\n\t\t\t\t\t\t\t\t\t\t\t\t<span class=\"elementor-toggle-icon elementor-toggle-icon-left\" aria-hidden=\"true\">\n\t\t\t\t\t\t\t\t\t\t\t\t\t\t\t<span class=\"elementor-toggle-icon-closed\"><i class=\"fas fa-caret-right\"><\/i><\/span>\n\t\t\t\t\t\t\t\t<span class=\"elementor-toggle-icon-opened\"><i class=\"elementor-toggle-icon-opened fas fa-caret-up\"><\/i><\/span>\n\t\t\t\t\t\t\t\t\t\t\t\t\t<\/span>\n\t\t\t\t\t\t\t\t\t\t\t\t<a href=\"\" class=\"elementor-toggle-title\">Which cookies do we use<\/a>\n\t\t\t\t\t<\/div>\n\t\t\t\t\t<div id=\"elementor-tab-content-1664\" class=\"elementor-tab-content elementor-clearfix\" data-tab=\"4\" role=\"tabpanel\" aria-labelledby=\"elementor-tab-title-1664\"><p>Below are the cookies according to the function that CLG uses on the website.<\/p>\n<p><strong>Please note that technical cookies cannot be turned off<\/strong>, because the cookies in question are necessary for the functioning and operation of the website. Technical cookies do not store any of your personally identifiable information.<\/p>\n<p>Tracking technologies other than cookies are not currently used by CLG on the website.<\/p>\n<p>In the event of a change in the cookies used by CLG on the website, CLG will inform you in good time and via a notice on the website.<\/p>\n<p>CLG shares the data collected through cookies with the providers of certain services required by CLG for the creation and operation of the website, as well as for the use of certain tools (functionalities) on the website. For example, these are website development and maintenance service providers, cloud service providers, development platform service providers and the like.<\/p>\n<p><strong>As a user of the website, you are free to manage cookies and change your preferences (selections) at any time via Cookie settings.<\/strong>, but by disabling certain cookies, it is possible that some functionality of the website will not work properly.<\/p>\n<p><strong>TECHNICAL COOKIES<\/strong><\/p>\n<table>\n<tbody>\n<tr>\n<td width=\"36\">\n<p><strong>no.<\/strong><\/p>\n<\/td>\n<td width=\"147\">\n<p><strong>Name<\/strong><\/p>\n<\/td>\n<td width=\"147\">\n<p><strong>Type by source<\/strong><\/p>\n<\/td>\n<td width=\"147\">\n<p><strong>Duration<\/strong><\/p>\n<\/td>\n<td width=\"147\">\n<p><strong>Purpose<\/strong><\/p>\n<\/td>\n<\/tr>\n<tr>\n<td width=\"36\">\n<p><strong>1.<\/strong><\/p>\n<\/td>\n<td width=\"147\">\n<p><strong>cookielawinfo-checkbox-necessary<\/strong><\/p>\n<\/td>\n<td width=\"147\">\n<p>Third-party cookie<\/p>\n<\/td>\n<td width=\"147\">\n<p>12 months<\/p>\n<\/td>\n<td width=\"147\">\n<p>Storing user consent for cookies in the &#8220;Necessary&#8221; category<\/p>\n<\/td>\n<\/tr>\n<tr>\n<td width=\"36\">\n<p><strong>2.<\/strong><\/p>\n<\/td>\n<td width=\"147\">\n<p><strong>viewed_cookie_policy<\/strong><\/p>\n<\/td>\n<td width=\"147\">\n<p>Third-party cookie<\/p>\n<\/td>\n<td width=\"147\">\n<p>12 months<\/p>\n<\/td>\n<td width=\"147\">\n<p>Tracking user consent to the use of cookies<\/p>\n<\/td>\n<\/tr>\n<\/tbody>\n<\/table><\/div>\n\t\t\t\t<\/div>\n\t\t\t\t\t\t\t<div class=\"elementor-toggle-item\">\n\t\t\t\t\t<div id=\"elementor-tab-title-1665\" class=\"elementor-tab-title\" data-tab=\"5\" role=\"tab\" aria-controls=\"elementor-tab-content-1665\" aria-expanded=\"false\">\n\t\t\t\t\t\t\t\t\t\t\t\t<span class=\"elementor-toggle-icon elementor-toggle-icon-left\" aria-hidden=\"true\">\n\t\t\t\t\t\t\t\t\t\t\t\t\t\t\t<span class=\"elementor-toggle-icon-closed\"><i class=\"fas fa-caret-right\"><\/i><\/span>\n\t\t\t\t\t\t\t\t<span class=\"elementor-toggle-icon-opened\"><i class=\"elementor-toggle-icon-opened fas fa-caret-up\"><\/i><\/span>\n\t\t\t\t\t\t\t\t\t\t\t\t\t<\/span>\n\t\t\t\t\t\t\t\t\t\t\t\t<a href=\"\" class=\"elementor-toggle-title\">How to manage cookies<\/a>\n\t\t\t\t\t<\/div>\n\t\t\t\t\t<div id=\"elementor-tab-content-1665\" class=\"elementor-tab-content elementor-clearfix\" data-tab=\"5\" role=\"tabpanel\" aria-labelledby=\"elementor-tab-title-1665\"><p>You can manage cookies at will, or you can accept (enable), reject or delete (disable) them.<\/p>\n<p>On the CLG website, you can control the cookies in question in the Cookie settings.<\/p>\n<p>Some of the ways you can still manage cookies in general are, for example, by deleting your search history from your web browser, by setting your cookie and privacy settings on web pages, by setting your web browser to accept or reject cookies, and so on.<\/p><\/div>\n\t\t\t\t<\/div>\n\t\t\t\t\t\t\t\t<\/div>\n\t\t\t\t<\/div>\n\t\t\t\t<\/div>\n\t\t\t\t\t<\/div>\n\t\t<\/div>\n\t\t\t\t\t\t\t<\/div>\n\t\t<\/section>\n\t\t\t\t\t\t<\/div>\n\t\t\t\t\t<\/div>","protected":false},"excerpt":{"rendered":"<p>Version 1, November 2021, Zagreb, Republic of Croatia Introductory remarks Welcome to the website and online store www.uroni.co (hereinafter: the &#8220;website&#8221;)! We are a company CREO LAB GROUP doo for production (hereinafter: &#8220;CLG&#8221;, &#8220;we&#8221;, &#8220;our&#8221;, &#8220;our&#8221;) with its registered office at Industrijska cesta 14, 10 360 Sesvete, Croatia, OIB: 22894862069 and we are the owners of the brand URONI, goods (products) URONI and the website. This Cookie Policy is intended for all visitors, ie users of the website and its functionalities (hereinafter: &#8220;user&#8221;, &#8220;You&#8221;, &#8220;Your&#8221;, &#8220;Your&#8221;). If you have any questions regarding our website, as well as questions regarding this\u2026<\/p>","protected":false},"author":1,"featured_media":0,"parent":0,"menu_order":0,"comment_status":"closed","ping_status":"closed","template":"","meta":{"spay_email":"","footnotes":""},"class_list":["post-905","page","type-page","status-publish","hentry"],"blocksy_meta":{"styles_descriptor":{"styles":{"desktop":"","tablet":"","mobile":""},"google_fonts":[],"version":2}},"yoast_head":"<!-- This site is optimized with the Yoast SEO plugin v17.1 - https:\/\/yoast.com\/wordpress\/plugins\/seo\/ -->\n<title>Cookie policy - Uroni<\/title>\n<meta name=\"robots\" content=\"noindex, follow, max-snippet:-1, max-image-preview:large, max-video-preview:-1\" \/>\n<meta property=\"og:locale\" content=\"hr_HR\" \/>\n<meta property=\"og:type\" content=\"article\" \/>\n<meta property=\"og:title\" content=\"Cookie policy - Uroni\" \/>\n<meta property=\"og:description\" content=\"Version 1, November 2021, Zagreb, Republic of Croatia Introductory remarks Welcome to the website and online store www.uroni.co (hereinafter: the &#8220;website&#8221;)! We are a company CREO LAB GROUP doo for production (hereinafter: &#8220;CLG&#8221;, &#8220;we&#8221;, &#8220;our&#8221;, &#8220;our&#8221;) with its registered office at Industrijska cesta 14, 10 360 Sesvete, Croatia, OIB: 22894862069 and we are the owners of the brand URONI, goods (products) URONI and the website. This Cookie Policy is intended for all visitors, ie users of the website and its functionalities (hereinafter: &#8220;user&#8221;, &#8220;You&#8221;, &#8220;Your&#8221;, &#8220;Your&#8221;). If you have any questions regarding our website, as well as questions regarding this\u2026\" \/>\n<meta property=\"og:url\" content=\"https:\/\/uroni.fm-dev.com.hr\/hr\/cookie-policy\/\" \/>\n<meta property=\"og:site_name\" content=\"Uroni\" \/>\n<meta property=\"article:modified_time\" content=\"2021-11-30T09:51:11+00:00\" \/>\n<meta name=\"twitter:card\" content=\"summary_large_image\" \/>\n<meta name=\"twitter:label1\" content=\"Procijenjeno vrijeme \u010ditanja\" \/>\n\t<meta name=\"twitter:data1\" content=\"3 minute\" \/>\n<script type=\"application\/ld+json\" class=\"yoast-schema-graph\">{\"@context\":\"https:\/\/schema.org\",\"@graph\":[{\"@type\":\"WebSite\",\"@id\":\"https:\/\/uroni.fm-dev.com.hr\/hr\/#website\",\"url\":\"https:\/\/uroni.fm-dev.com.hr\/hr\/\",\"name\":\"Uroni\",\"description\":\"Uroni u miris \\u010distog planinskog zraka, misti\\u010dne \\u0161ume i energi\\u010dnog vala.\",\"potentialAction\":[{\"@type\":\"SearchAction\",\"target\":{\"@type\":\"EntryPoint\",\"urlTemplate\":\"https:\/\/uroni.fm-dev.com.hr\/hr\/?s={search_term_string}\"},\"query-input\":\"required name=search_term_string\"}],\"inLanguage\":\"hr\"},{\"@type\":\"WebPage\",\"@id\":\"https:\/\/uroni.fm-dev.com.hr\/hr\/cookie-policy\/#webpage\",\"url\":\"https:\/\/uroni.fm-dev.com.hr\/hr\/cookie-policy\/\",\"name\":\"Cookie policy - Uroni\",\"isPartOf\":{\"@id\":\"https:\/\/uroni.fm-dev.com.hr\/hr\/#website\"},\"datePublished\":\"2021-11-30T09:49:29+00:00\",\"dateModified\":\"2021-11-30T09:51:11+00:00\",\"breadcrumb\":{\"@id\":\"https:\/\/uroni.fm-dev.com.hr\/hr\/cookie-policy\/#breadcrumb\"},\"inLanguage\":\"hr\",\"potentialAction\":[{\"@type\":\"ReadAction\",\"target\":[\"https:\/\/uroni.fm-dev.com.hr\/hr\/cookie-policy\/\"]}]},{\"@type\":\"BreadcrumbList\",\"@id\":\"https:\/\/uroni.fm-dev.com.hr\/hr\/cookie-policy\/#breadcrumb\",\"itemListElement\":[{\"@type\":\"ListItem\",\"position\":1,\"name\":\"Home\",\"item\":\"https:\/\/uroni.fm-dev.com.hr\/hr\/\"},{\"@type\":\"ListItem\",\"position\":2,\"name\":\"Cookie policy\"}]}]}<\/script>\n<!-- \/ Yoast SEO plugin. -->","yoast_head_json":{"title":"Cookie policy - Uroni","robots":{"index":"noindex","follow":"follow","max-snippet":"max-snippet:-1","max-image-preview":"max-image-preview:large","max-video-preview":"max-video-preview:-1"},"og_locale":"hr_HR","og_type":"article","og_title":"Cookie policy - Uroni","og_description":"Version 1, November 2021, Zagreb, Republic of Croatia Introductory remarks Welcome to the website and online store www.uroni.co (hereinafter: the &#8220;website&#8221;)! We are a company CREO LAB GROUP doo for production (hereinafter: &#8220;CLG&#8221;, &#8220;we&#8221;, &#8220;our&#8221;, &#8220;our&#8221;) with its registered office at Industrijska cesta 14, 10 360 Sesvete, Croatia, OIB: 22894862069 and we are the owners of the brand URONI, goods (products) URONI and the website. This Cookie Policy is intended for all visitors, ie users of the website and its functionalities (hereinafter: &#8220;user&#8221;, &#8220;You&#8221;, &#8220;Your&#8221;, &#8220;Your&#8221;). If you have any questions regarding our website, as well as questions regarding this\u2026","og_url":"https:\/\/uroni.fm-dev.com.hr\/hr\/cookie-policy\/","og_site_name":"Uroni","article_modified_time":"2021-11-30T09:51:11+00:00","twitter_card":"summary_large_image","twitter_misc":{"Procijenjeno vrijeme \u010ditanja":"3 minute"},"schema":{"@context":"https:\/\/schema.org","@graph":[{"@type":"WebSite","@id":"https:\/\/uroni.fm-dev.com.hr\/hr\/#website","url":"https:\/\/uroni.fm-dev.com.hr\/hr\/","name":"Uroni","description":"Uroni u miris \u010distog planinskog zraka, misti\u010dne \u0161ume i energi\u010dnog vala.","potentialAction":[{"@type":"SearchAction","target":{"@type":"EntryPoint","urlTemplate":"https:\/\/uroni.fm-dev.com.hr\/hr\/?s={search_term_string}"},"query-input":"required name=search_term_string"}],"inLanguage":"hr"},{"@type":"WebPage","@id":"https:\/\/uroni.fm-dev.com.hr\/hr\/cookie-policy\/#webpage","url":"https:\/\/uroni.fm-dev.com.hr\/hr\/cookie-policy\/","name":"Cookie policy - Uroni","isPartOf":{"@id":"https:\/\/uroni.fm-dev.com.hr\/hr\/#website"},"datePublished":"2021-11-30T09:49:29+00:00","dateModified":"2021-11-30T09:51:11+00:00","breadcrumb":{"@id":"https:\/\/uroni.fm-dev.com.hr\/hr\/cookie-policy\/#breadcrumb"},"inLanguage":"hr","potentialAction":[{"@type":"ReadAction","target":["https:\/\/uroni.fm-dev.com.hr\/hr\/cookie-policy\/"]}]},{"@type":"BreadcrumbList","@id":"https:\/\/uroni.fm-dev.com.hr\/hr\/cookie-policy\/#breadcrumb","itemListElement":[{"@type":"ListItem","position":1,"name":"Home","item":"https:\/\/uroni.fm-dev.com.hr\/hr\/"},{"@type":"ListItem","position":2,"name":"Cookie policy"}]}]}},"_links":{"self":[{"href":"https:\/\/uroni.fm-dev.com.hr\/hr\/wp-json\/wp\/v2\/pages\/905","targetHints":{"allow":["GET"]}}],"collection":[{"href":"https:\/\/uroni.fm-dev.com.hr\/hr\/wp-json\/wp\/v2\/pages"}],"about":[{"href":"https:\/\/uroni.fm-dev.com.hr\/hr\/wp-json\/wp\/v2\/types\/page"}],"author":[{"embeddable":true,"href":"https:\/\/uroni.fm-dev.com.hr\/hr\/wp-json\/wp\/v2\/users\/1"}],"replies":[{"embeddable":true,"href":"https:\/\/uroni.fm-dev.com.hr\/hr\/wp-json\/wp\/v2\/comments?post=905"}],"version-history":[{"count":4,"href":"https:\/\/uroni.fm-dev.com.hr\/hr\/wp-json\/wp\/v2\/pages\/905\/revisions"}],"predecessor-version":[{"id":909,"href":"https:\/\/uroni.fm-dev.com.hr\/hr\/wp-json\/wp\/v2\/pages\/905\/revisions\/909"}],"wp:attachment":[{"href":"https:\/\/uroni.fm-dev.com.hr\/hr\/wp-json\/wp\/v2\/media?parent=905"}],"curies":[{"name":"wp","href":"https:\/\/api.w.org\/{rel}","templated":true}]}}