{"id":491,"date":"2021-11-04T21:07:15","date_gmt":"2021-11-04T21:07:15","guid":{"rendered":"https:\/\/uroni.fm-dev.com.hr\/?post_type=product&#038;p=491"},"modified":"2022-11-06T22:35:04","modified_gmt":"2022-11-06T21:35:04","slug":"atop-the-mountain-top","status":"publish","type":"product","link":"https:\/\/uroni.fm-dev.com.hr\/hr\/proizvod\/atop-the-mountain-top\/","title":{"rendered":"Atop the Mountain Top"},"content":{"rendered":"<p>Svije\u0107a koja va\u0161 dom ispunjava mirisnim aromama \u010distog planinskog zraka Like, surim od bure i aromati\u010dnim od limuna, kadulje i ostalog divljeg bilja. Izgubite se ili se prona\u0111ite u sna\u017enom osje\u0107aju planinske svje\u017eine koja bistri misli i krijepi um.<br \/>\nGet lost &#8211; or find yourself &#8211; in the strong sense of mountain freshness that clears your thoughts and invigorates the mind.<\/p>\n<p><strong>MIRISNE NOTE<\/strong><\/p>\n<p><strong>Vr\u0161ne:<\/strong> limun, pepermint, kadulja<br \/>\n<strong>Srednje:<\/strong> \u0111umbir, bosiljak<br \/>\n<strong>Bazne:<\/strong> \/<\/p>\n<p><strong>INFORMACIJE O SVIJE\u0106I<br \/>\n<\/strong>Na\u0161e svije\u0107e izra\u0111ene su od sojina voska i mirisa inspiriranih prirodom te imaju pamu\u010dni fitilj. Sve to upotpunili smo ru\u010dno ra\u0111enom posudom od bijele gline koja se u kombinaciji s drugim svije\u0107ama iz kolekcije mo\u017ee upotrebljavati kao dekoracija za dom te prenamijeniti nakon \u0161to svije\u0107a dogori.<\/p>","protected":false},"excerpt":{"rendered":"<p>Svije\u0107a koja va\u0161 dom ispunjava mirisnim aromama \u010distog planinskog zraka Like, surim od bure i aromati\u010dnim od limuna, kadulje i ostalog divljeg bilja. Izgubite se ili se prona\u0111ite u sna\u017enom osje\u0107aju planinske svje\u017eine koja bistri misli i krijepi um.<br \/>\nGet lost &#8211; or find yourself &#8211; in the strong sense of mountain freshness that clears your thoughts and invigorates the mind.<\/p>\n<p><strong>MIRISNE NOTE<\/strong><\/p>\n<p><strong>Vr\u0161ne:<\/strong> limun, pepermint, kadulja<br \/>\n<strong>Srednje:<\/strong> \u0111umbir, bosiljak<br \/>\n<strong>Bazne:<\/strong> \/<\/p>\n<p><strong>INFORMACIJE O SVIJE\u0106I<br \/>\n<\/strong>Na\u0161e svije\u0107e izra\u0111ene su od sojina voska i mirisa inspiriranih prirodom te imaju pamu\u010dni fitilj. Sve to upotpunili smo ru\u010dno ra\u0111enom posudom od bijele gline koja se u kombinaciji s drugim svije\u0107ama iz kolekcije mo\u017ee upotrebljavati kao dekoracija za dom te prenamijeniti nakon \u0161to svije\u0107a dogori.<\/p>","protected":false},"featured_media":812,"template":"","meta":{"spay_email":""},"product_cat":[23],"product_tag":[],"class_list":{"0":"post-491","1":"product","2":"type-product","3":"status-publish","4":"has-post-thumbnail","6":"product_cat-candles","8":"first","9":"outofstock","10":"taxable","11":"shipping-taxable","12":"purchasable","13":"product-type-simple"},"yoast_head":"<!-- This site is optimized with the Yoast SEO plugin v17.1 - https:\/\/yoast.com\/wordpress\/plugins\/seo\/ -->\n<title>Atop the Mountain Top - Uroni<\/title>\n<meta name=\"robots\" content=\"noindex, follow, max-snippet:-1, max-image-preview:large, max-video-preview:-1\" \/>\n<meta property=\"og:locale\" content=\"hr_HR\" \/>\n<meta property=\"og:type\" content=\"article\" \/>\n<meta property=\"og:title\" content=\"Atop the Mountain Top - Uroni\" \/>\n<meta property=\"og:description\" content=\"This candle fills your home with the harmonious fragrance of Lika\u2019s pure mountain air, along with scents of lemon, sage and other wild herbs. Get lost - or find yourself - in the strong sense of mountain freshness that clears your thoughts and invigorates the mind.  FRAGRANCE NOTES  Top: lemon, peppermint, sage Middle: ginger, basil Bases: \/  ABOUT OUR CANDLES Each of our candles is made from soy wax, with scents inspired by nature, and has a cotton wick. Each candle comes in a handmade pot made of white clay, which in combination with other candles from the collection can be used as a decoration for the home and repurposed after the candle is done.\" \/>\n<meta property=\"og:url\" content=\"https:\/\/uroni.fm-dev.com.hr\/hr\/proizvod\/atop-the-mountain-top\/\" \/>\n<meta property=\"og:site_name\" content=\"Uroni\" \/>\n<meta property=\"article:modified_time\" content=\"2022-11-06T21:35:04+00:00\" \/>\n<meta property=\"og:image\" content=\"https:\/\/uroni.fm-dev.com.hr\/wp-content\/uploads\/2021\/11\/03-Home-Page-Uroni-Collection-ATMT-prva-slika-scaled.jpg\" \/>\n\t<meta property=\"og:image:width\" content=\"1706\" \/>\n\t<meta property=\"og:image:height\" content=\"2560\" \/>\n<meta name=\"twitter:card\" content=\"summary_large_image\" \/>\n<meta name=\"twitter:label1\" content=\"Procijenjeno vrijeme \u010ditanja\" \/>\n\t<meta name=\"twitter:data1\" content=\"1 minuta\" \/>\n<script type=\"application\/ld+json\" class=\"yoast-schema-graph\">{\"@context\":\"https:\/\/schema.org\",\"@graph\":[{\"@type\":\"WebSite\",\"@id\":\"https:\/\/uroni.fm-dev.com.hr\/hr\/#website\",\"url\":\"https:\/\/uroni.fm-dev.com.hr\/hr\/\",\"name\":\"Uroni\",\"description\":\"Uroni u miris \\u010distog planinskog zraka, misti\\u010dne \\u0161ume i energi\\u010dnog vala.\",\"potentialAction\":[{\"@type\":\"SearchAction\",\"target\":{\"@type\":\"EntryPoint\",\"urlTemplate\":\"https:\/\/uroni.fm-dev.com.hr\/hr\/?s={search_term_string}\"},\"query-input\":\"required name=search_term_string\"}],\"inLanguage\":\"hr\"},{\"@type\":\"ImageObject\",\"@id\":\"https:\/\/uroni.fm-dev.com.hr\/hr\/proizvod\/atop-the-mountain-top\/#primaryimage\",\"inLanguage\":\"hr\",\"url\":\"https:\/\/uroni.fm-dev.com.hr\/wp-content\/uploads\/2021\/11\/03-Home-Page-Uroni-Collection-ATMT-prva-slika-scaled.jpg\",\"contentUrl\":\"https:\/\/uroni.fm-dev.com.hr\/wp-content\/uploads\/2021\/11\/03-Home-Page-Uroni-Collection-ATMT-prva-slika-scaled.jpg\",\"width\":1706,\"height\":2560,\"caption\":\"Uroni Collection - ATMT\"},{\"@type\":\"WebPage\",\"@id\":\"https:\/\/uroni.fm-dev.com.hr\/hr\/proizvod\/atop-the-mountain-top\/#webpage\",\"url\":\"https:\/\/uroni.fm-dev.com.hr\/hr\/proizvod\/atop-the-mountain-top\/\",\"name\":\"Atop the Mountain Top - Uroni\",\"isPartOf\":{\"@id\":\"https:\/\/uroni.fm-dev.com.hr\/hr\/#website\"},\"primaryImageOfPage\":{\"@id\":\"https:\/\/uroni.fm-dev.com.hr\/hr\/proizvod\/atop-the-mountain-top\/#primaryimage\"},\"datePublished\":\"2021-11-04T21:07:15+00:00\",\"dateModified\":\"2022-11-06T21:35:04+00:00\",\"breadcrumb\":{\"@id\":\"https:\/\/uroni.fm-dev.com.hr\/hr\/proizvod\/atop-the-mountain-top\/#breadcrumb\"},\"inLanguage\":\"hr\",\"potentialAction\":[{\"@type\":\"ReadAction\",\"target\":[\"https:\/\/uroni.fm-dev.com.hr\/hr\/proizvod\/atop-the-mountain-top\/\"]}]},{\"@type\":\"BreadcrumbList\",\"@id\":\"https:\/\/uroni.fm-dev.com.hr\/hr\/proizvod\/atop-the-mountain-top\/#breadcrumb\",\"itemListElement\":[{\"@type\":\"ListItem\",\"position\":1,\"name\":\"Home\",\"item\":\"https:\/\/uroni.fm-dev.com.hr\/hr\/\"},{\"@type\":\"ListItem\",\"position\":2,\"name\":\"Privatno: Take Your Adventure To The Next Level\",\"item\":\"https:\/\/uroni.fm-dev.com.hr\/hr\/?page_id=365\"},{\"@type\":\"ListItem\",\"position\":3,\"name\":\"Atop the Mountain Top\"}]}]}<\/script>\n<!-- \/ Yoast SEO plugin. -->","yoast_head_json":{"title":"Atop the Mountain Top - Uroni","robots":{"index":"noindex","follow":"follow","max-snippet":"max-snippet:-1","max-image-preview":"max-image-preview:large","max-video-preview":"max-video-preview:-1"},"og_locale":"hr_HR","og_type":"article","og_title":"Atop the Mountain Top - Uroni","og_description":"This candle fills your home with the harmonious fragrance of Lika\u2019s pure mountain air, along with scents of lemon, sage and other wild herbs. Get lost - or find yourself - in the strong sense of mountain freshness that clears your thoughts and invigorates the mind.  FRAGRANCE NOTES  Top: lemon, peppermint, sage Middle: ginger, basil Bases: \/  ABOUT OUR CANDLES Each of our candles is made from soy wax, with scents inspired by nature, and has a cotton wick. Each candle comes in a handmade pot made of white clay, which in combination with other candles from the collection can be used as a decoration for the home and repurposed after the candle is done.","og_url":"https:\/\/uroni.fm-dev.com.hr\/hr\/proizvod\/atop-the-mountain-top\/","og_site_name":"Uroni","article_modified_time":"2022-11-06T21:35:04+00:00","og_image":[{"width":1706,"height":2560,"url":"https:\/\/uroni.fm-dev.com.hr\/wp-content\/uploads\/2021\/11\/03-Home-Page-Uroni-Collection-ATMT-prva-slika-scaled.jpg","path":"\/home\/inesmisc\/uroni.co\/wp-content\/uploads\/2021\/11\/03-Home-Page-Uroni-Collection-ATMT-prva-slika-scaled.jpg","size":"full","id":812,"alt":"Uroni Collection - ATMT","pixels":4367360,"type":"image\/jpeg"}],"twitter_card":"summary_large_image","twitter_misc":{"Procijenjeno vrijeme \u010ditanja":"1 minuta"},"schema":{"@context":"https:\/\/schema.org","@graph":[{"@type":"WebSite","@id":"https:\/\/uroni.fm-dev.com.hr\/hr\/#website","url":"https:\/\/uroni.fm-dev.com.hr\/hr\/","name":"Uroni","description":"Uroni u miris \u010distog planinskog zraka, misti\u010dne \u0161ume i energi\u010dnog vala.","potentialAction":[{"@type":"SearchAction","target":{"@type":"EntryPoint","urlTemplate":"https:\/\/uroni.fm-dev.com.hr\/hr\/?s={search_term_string}"},"query-input":"required name=search_term_string"}],"inLanguage":"hr"},{"@type":"ImageObject","@id":"https:\/\/uroni.fm-dev.com.hr\/hr\/proizvod\/atop-the-mountain-top\/#primaryimage","inLanguage":"hr","url":"https:\/\/uroni.fm-dev.com.hr\/wp-content\/uploads\/2021\/11\/03-Home-Page-Uroni-Collection-ATMT-prva-slika-scaled.jpg","contentUrl":"https:\/\/uroni.fm-dev.com.hr\/wp-content\/uploads\/2021\/11\/03-Home-Page-Uroni-Collection-ATMT-prva-slika-scaled.jpg","width":1706,"height":2560,"caption":"Uroni Collection - ATMT"},{"@type":"WebPage","@id":"https:\/\/uroni.fm-dev.com.hr\/hr\/proizvod\/atop-the-mountain-top\/#webpage","url":"https:\/\/uroni.fm-dev.com.hr\/hr\/proizvod\/atop-the-mountain-top\/","name":"Atop the Mountain Top - Uroni","isPartOf":{"@id":"https:\/\/uroni.fm-dev.com.hr\/hr\/#website"},"primaryImageOfPage":{"@id":"https:\/\/uroni.fm-dev.com.hr\/hr\/proizvod\/atop-the-mountain-top\/#primaryimage"},"datePublished":"2021-11-04T21:07:15+00:00","dateModified":"2022-11-06T21:35:04+00:00","breadcrumb":{"@id":"https:\/\/uroni.fm-dev.com.hr\/hr\/proizvod\/atop-the-mountain-top\/#breadcrumb"},"inLanguage":"hr","potentialAction":[{"@type":"ReadAction","target":["https:\/\/uroni.fm-dev.com.hr\/hr\/proizvod\/atop-the-mountain-top\/"]}]},{"@type":"BreadcrumbList","@id":"https:\/\/uroni.fm-dev.com.hr\/hr\/proizvod\/atop-the-mountain-top\/#breadcrumb","itemListElement":[{"@type":"ListItem","position":1,"name":"Home","item":"https:\/\/uroni.fm-dev.com.hr\/hr\/"},{"@type":"ListItem","position":2,"name":"Privatno: Take Your Adventure To The Next Level","item":"https:\/\/uroni.fm-dev.com.hr\/hr\/?page_id=365"},{"@type":"ListItem","position":3,"name":"Atop the Mountain Top"}]}]}},"_links":{"self":[{"href":"https:\/\/uroni.fm-dev.com.hr\/hr\/wp-json\/wp\/v2\/product\/491","targetHints":{"allow":["GET"]}}],"collection":[{"href":"https:\/\/uroni.fm-dev.com.hr\/hr\/wp-json\/wp\/v2\/product"}],"about":[{"href":"https:\/\/uroni.fm-dev.com.hr\/hr\/wp-json\/wp\/v2\/types\/product"}],"version-history":[{"count":1,"href":"https:\/\/uroni.fm-dev.com.hr\/hr\/wp-json\/wp\/v2\/product\/491\/revisions"}],"predecessor-version":[{"id":813,"href":"https:\/\/uroni.fm-dev.com.hr\/hr\/wp-json\/wp\/v2\/product\/491\/revisions\/813"}],"wp:featuredmedia":[{"embeddable":true,"href":"https:\/\/uroni.fm-dev.com.hr\/hr\/wp-json\/wp\/v2\/media\/812"}],"wp:attachment":[{"href":"https:\/\/uroni.fm-dev.com.hr\/hr\/wp-json\/wp\/v2\/media?parent=491"}],"wp:term":[{"taxonomy":"product_cat","embeddable":true,"href":"https:\/\/uroni.fm-dev.com.hr\/hr\/wp-json\/wp\/v2\/product_cat?post=491"},{"taxonomy":"product_tag","embeddable":true,"href":"https:\/\/uroni.fm-dev.com.hr\/hr\/wp-json\/wp\/v2\/product_tag?post=491"}],"curies":[{"name":"wp","href":"https:\/\/api.w.org\/{rel}","templated":true}]}}