{"id":493,"date":"2021-11-07T17:48:48","date_gmt":"2021-11-07T17:48:48","guid":{"rendered":"https:\/\/uroni.fm-dev.com.hr\/?post_type=product&#038;p=493"},"modified":"2022-11-06T22:34:10","modified_gmt":"2022-11-06T21:34:10","slug":"lost-in-the-woods","status":"publish","type":"product","link":"https:\/\/uroni.fm-dev.com.hr\/hr\/proizvod\/lost-in-the-woods\/","title":{"rendered":"Lost in the Woods"},"content":{"rendered":"<p>Uz ovu mirisnu svije\u0107u s vr\u0161nim notama korijandera i podlogom od jasena, cedrovine i mahovine uronite u mir ranojutarnje \u0161etnje misti\u010dnim \u0161umama Gorskog kotara. Dubok spokoj ispunit \u0107e va\u0161 dom, mir koji miri\u0161e na zeleno i sneno.<br \/>\nA deep serenity will fill your home, a peaceful scent that smells natural and dreamy.<\/p>\n<p><strong>MIRISNE NOTE<br \/>\n<\/strong><strong>Vr\u0161ne:<\/strong> korijander, zrela \u0161ljiva, egzoti\u010dni za\u010dini<br \/>\n<strong>Srednje: <\/strong>ru\u017eine latice, spaljeni duhan, indijski \u0161afran<br \/>\n<strong>Bazne:<\/strong> cedrovina, mahovina, jantar<\/p>\n<p><strong>INFORMACIJE O SVIJE\u0106I<br \/>\n<\/strong>Na\u0161e svije\u0107e izra\u0111ene su od sojina voska i mirisa inspiriranih prirodom te imaju pamu\u010dni fitilj. Sve to upotpunili smo ru\u010dno ra\u0111enom posudom od bijele gline koja se u kombinaciji s drugim svije\u0107ama iz kolekcije mo\u017ee upotrebljavati kao dekoracija za dom te prenamijeniti nakon \u0161to svije\u0107a dogori.<\/p>","protected":false},"excerpt":{"rendered":"<p>Uz ovu mirisnu svije\u0107u s vr\u0161nim notama korijandera i podlogom od jasena, cedrovine i mahovine uronite u mir ranojutarnje \u0161etnje misti\u010dnim \u0161umama Gorskog kotara. Dubok spokoj ispunit \u0107e va\u0161 dom, mir koji miri\u0161e na zeleno i sneno.<br \/>\nA deep serenity will fill your home, a peaceful scent that smells natural and dreamy.<\/p>\n<p>&nbsp;<\/p>\n<p><strong>MIRISNE NOTE<br \/>\n<\/strong><strong>Vr\u0161ne:<\/strong> korijander, zrela \u0161ljiva, egzoti\u010dni za\u010dini<br \/>\n<strong>Srednje: <\/strong>ru\u017eine latice, spaljeni duhan, indijski \u0161afran<br \/>\n<strong>Bazne:<\/strong> cedrovina, mahovina, jantar<\/p>\n<p><strong>INFORMACIJE O SVIJE\u0106I<br \/>\n<\/strong>Na\u0161e svije\u0107e izra\u0111ene su od sojina voska i mirisa inspiriranih prirodom te imaju pamu\u010dni fitilj. Sve to upotpunili smo ru\u010dno ra\u0111enom posudom od bijele gline koja se u kombinaciji s drugim svije\u0107ama iz kolekcije mo\u017ee upotrebljavati kao dekoracija za dom te prenamijeniti nakon \u0161to svije\u0107a dogori.<\/p>","protected":false},"featured_media":814,"template":"","meta":{"spay_email":""},"product_cat":[23],"product_tag":[],"class_list":{"0":"post-493","1":"product","2":"type-product","3":"status-publish","4":"has-post-thumbnail","6":"product_cat-candles","8":"first","9":"instock","10":"taxable","11":"shipping-taxable","12":"purchasable","13":"product-type-simple"},"yoast_head":"<!-- This site is optimized with the Yoast SEO plugin v17.1 - https:\/\/yoast.com\/wordpress\/plugins\/seo\/ -->\n<title>Lost in the Woods - Uroni<\/title>\n<meta name=\"robots\" content=\"noindex, follow, max-snippet:-1, max-image-preview:large, max-video-preview:-1\" \/>\n<meta property=\"og:locale\" content=\"hr_HR\" \/>\n<meta property=\"og:type\" content=\"article\" \/>\n<meta property=\"og:title\" content=\"Lost in the Woods - Uroni\" \/>\n<meta property=\"og:description\" content=\"Immerse yourself in the peace of an early morning walk through the mystical forests of Gorski Kotar with this fragrant candle and its highlights of coriander, mix of ash, cedar and moss. A deep serenity will fill your home, a peaceful scent that smells natural and dreamy.  &nbsp;  FRAGRANCE NOTES Top: coriander, ripe plum, exotic spices Middle: rose petals, burnt tobacco, Indian saffron Bases: cedar, moss, amber  ABOUT OUR CANDLES Each of our candles is made from soy wax, with scents inspired by nature, and has a cotton wick. Each candle comes in a handmade pot made of white clay, which in combination with other candles from the collection can be used as a decoration for the home and repurposed after the candle is done.\" \/>\n<meta property=\"og:url\" content=\"https:\/\/uroni.fm-dev.com.hr\/hr\/proizvod\/lost-in-the-woods\/\" \/>\n<meta property=\"og:site_name\" content=\"Uroni\" \/>\n<meta property=\"article:modified_time\" content=\"2022-11-06T21:34:10+00:00\" \/>\n<meta property=\"og:image\" content=\"https:\/\/uroni.fm-dev.com.hr\/wp-content\/uploads\/2021\/11\/05-Home-Page-Uroni-Collection-LITW-prva-slika-scaled.jpg\" \/>\n\t<meta property=\"og:image:width\" content=\"1707\" \/>\n\t<meta property=\"og:image:height\" content=\"2560\" \/>\n<meta name=\"twitter:card\" content=\"summary_large_image\" \/>\n<meta name=\"twitter:label1\" content=\"Procijenjeno vrijeme \u010ditanja\" \/>\n\t<meta name=\"twitter:data1\" content=\"1 minuta\" \/>\n<script type=\"application\/ld+json\" class=\"yoast-schema-graph\">{\"@context\":\"https:\/\/schema.org\",\"@graph\":[{\"@type\":\"WebSite\",\"@id\":\"https:\/\/uroni.fm-dev.com.hr\/hr\/#website\",\"url\":\"https:\/\/uroni.fm-dev.com.hr\/hr\/\",\"name\":\"Uroni\",\"description\":\"Uroni u miris \\u010distog planinskog zraka, misti\\u010dne \\u0161ume i energi\\u010dnog vala.\",\"potentialAction\":[{\"@type\":\"SearchAction\",\"target\":{\"@type\":\"EntryPoint\",\"urlTemplate\":\"https:\/\/uroni.fm-dev.com.hr\/hr\/?s={search_term_string}\"},\"query-input\":\"required name=search_term_string\"}],\"inLanguage\":\"hr\"},{\"@type\":\"ImageObject\",\"@id\":\"https:\/\/uroni.fm-dev.com.hr\/hr\/proizvod\/lost-in-the-woods\/#primaryimage\",\"inLanguage\":\"hr\",\"url\":\"https:\/\/uroni.fm-dev.com.hr\/wp-content\/uploads\/2021\/11\/05-Home-Page-Uroni-Collection-LITW-prva-slika-scaled.jpg\",\"contentUrl\":\"https:\/\/uroni.fm-dev.com.hr\/wp-content\/uploads\/2021\/11\/05-Home-Page-Uroni-Collection-LITW-prva-slika-scaled.jpg\",\"width\":1707,\"height\":2560,\"caption\":\"Uroni Collection - LITW\"},{\"@type\":\"WebPage\",\"@id\":\"https:\/\/uroni.fm-dev.com.hr\/hr\/proizvod\/lost-in-the-woods\/#webpage\",\"url\":\"https:\/\/uroni.fm-dev.com.hr\/hr\/proizvod\/lost-in-the-woods\/\",\"name\":\"Lost in the Woods - Uroni\",\"isPartOf\":{\"@id\":\"https:\/\/uroni.fm-dev.com.hr\/hr\/#website\"},\"primaryImageOfPage\":{\"@id\":\"https:\/\/uroni.fm-dev.com.hr\/hr\/proizvod\/lost-in-the-woods\/#primaryimage\"},\"datePublished\":\"2021-11-07T17:48:48+00:00\",\"dateModified\":\"2022-11-06T21:34:10+00:00\",\"breadcrumb\":{\"@id\":\"https:\/\/uroni.fm-dev.com.hr\/hr\/proizvod\/lost-in-the-woods\/#breadcrumb\"},\"inLanguage\":\"hr\",\"potentialAction\":[{\"@type\":\"ReadAction\",\"target\":[\"https:\/\/uroni.fm-dev.com.hr\/hr\/proizvod\/lost-in-the-woods\/\"]}]},{\"@type\":\"BreadcrumbList\",\"@id\":\"https:\/\/uroni.fm-dev.com.hr\/hr\/proizvod\/lost-in-the-woods\/#breadcrumb\",\"itemListElement\":[{\"@type\":\"ListItem\",\"position\":1,\"name\":\"Home\",\"item\":\"https:\/\/uroni.fm-dev.com.hr\/hr\/\"},{\"@type\":\"ListItem\",\"position\":2,\"name\":\"Privatno: Take Your Adventure To The Next Level\",\"item\":\"https:\/\/uroni.fm-dev.com.hr\/hr\/?page_id=365\"},{\"@type\":\"ListItem\",\"position\":3,\"name\":\"Lost in the Woods\"}]}]}<\/script>\n<!-- \/ Yoast SEO plugin. -->","yoast_head_json":{"title":"Lost in the Woods - Uroni","robots":{"index":"noindex","follow":"follow","max-snippet":"max-snippet:-1","max-image-preview":"max-image-preview:large","max-video-preview":"max-video-preview:-1"},"og_locale":"hr_HR","og_type":"article","og_title":"Lost in the Woods - Uroni","og_description":"Immerse yourself in the peace of an early morning walk through the mystical forests of Gorski Kotar with this fragrant candle and its highlights of coriander, mix of ash, cedar and moss. A deep serenity will fill your home, a peaceful scent that smells natural and dreamy.  &nbsp;  FRAGRANCE NOTES Top: coriander, ripe plum, exotic spices Middle: rose petals, burnt tobacco, Indian saffron Bases: cedar, moss, amber  ABOUT OUR CANDLES Each of our candles is made from soy wax, with scents inspired by nature, and has a cotton wick. Each candle comes in a handmade pot made of white clay, which in combination with other candles from the collection can be used as a decoration for the home and repurposed after the candle is done.","og_url":"https:\/\/uroni.fm-dev.com.hr\/hr\/proizvod\/lost-in-the-woods\/","og_site_name":"Uroni","article_modified_time":"2022-11-06T21:34:10+00:00","og_image":[{"width":1707,"height":2560,"url":"https:\/\/uroni.fm-dev.com.hr\/wp-content\/uploads\/2021\/11\/05-Home-Page-Uroni-Collection-LITW-prva-slika-scaled.jpg","path":"\/home\/inesmisc\/uroni.co\/wp-content\/uploads\/2021\/11\/05-Home-Page-Uroni-Collection-LITW-prva-slika-scaled.jpg","size":"full","id":814,"alt":"Uroni Collection - LITW","pixels":4369920,"type":"image\/jpeg"}],"twitter_card":"summary_large_image","twitter_misc":{"Procijenjeno vrijeme \u010ditanja":"1 minuta"},"schema":{"@context":"https:\/\/schema.org","@graph":[{"@type":"WebSite","@id":"https:\/\/uroni.fm-dev.com.hr\/hr\/#website","url":"https:\/\/uroni.fm-dev.com.hr\/hr\/","name":"Uroni","description":"Uroni u miris \u010distog planinskog zraka, misti\u010dne \u0161ume i energi\u010dnog vala.","potentialAction":[{"@type":"SearchAction","target":{"@type":"EntryPoint","urlTemplate":"https:\/\/uroni.fm-dev.com.hr\/hr\/?s={search_term_string}"},"query-input":"required name=search_term_string"}],"inLanguage":"hr"},{"@type":"ImageObject","@id":"https:\/\/uroni.fm-dev.com.hr\/hr\/proizvod\/lost-in-the-woods\/#primaryimage","inLanguage":"hr","url":"https:\/\/uroni.fm-dev.com.hr\/wp-content\/uploads\/2021\/11\/05-Home-Page-Uroni-Collection-LITW-prva-slika-scaled.jpg","contentUrl":"https:\/\/uroni.fm-dev.com.hr\/wp-content\/uploads\/2021\/11\/05-Home-Page-Uroni-Collection-LITW-prva-slika-scaled.jpg","width":1707,"height":2560,"caption":"Uroni Collection - LITW"},{"@type":"WebPage","@id":"https:\/\/uroni.fm-dev.com.hr\/hr\/proizvod\/lost-in-the-woods\/#webpage","url":"https:\/\/uroni.fm-dev.com.hr\/hr\/proizvod\/lost-in-the-woods\/","name":"Lost in the Woods - Uroni","isPartOf":{"@id":"https:\/\/uroni.fm-dev.com.hr\/hr\/#website"},"primaryImageOfPage":{"@id":"https:\/\/uroni.fm-dev.com.hr\/hr\/proizvod\/lost-in-the-woods\/#primaryimage"},"datePublished":"2021-11-07T17:48:48+00:00","dateModified":"2022-11-06T21:34:10+00:00","breadcrumb":{"@id":"https:\/\/uroni.fm-dev.com.hr\/hr\/proizvod\/lost-in-the-woods\/#breadcrumb"},"inLanguage":"hr","potentialAction":[{"@type":"ReadAction","target":["https:\/\/uroni.fm-dev.com.hr\/hr\/proizvod\/lost-in-the-woods\/"]}]},{"@type":"BreadcrumbList","@id":"https:\/\/uroni.fm-dev.com.hr\/hr\/proizvod\/lost-in-the-woods\/#breadcrumb","itemListElement":[{"@type":"ListItem","position":1,"name":"Home","item":"https:\/\/uroni.fm-dev.com.hr\/hr\/"},{"@type":"ListItem","position":2,"name":"Privatno: Take Your Adventure To The Next Level","item":"https:\/\/uroni.fm-dev.com.hr\/hr\/?page_id=365"},{"@type":"ListItem","position":3,"name":"Lost in the Woods"}]}]}},"_links":{"self":[{"href":"https:\/\/uroni.fm-dev.com.hr\/hr\/wp-json\/wp\/v2\/product\/493","targetHints":{"allow":["GET"]}}],"collection":[{"href":"https:\/\/uroni.fm-dev.com.hr\/hr\/wp-json\/wp\/v2\/product"}],"about":[{"href":"https:\/\/uroni.fm-dev.com.hr\/hr\/wp-json\/wp\/v2\/types\/product"}],"version-history":[{"count":5,"href":"https:\/\/uroni.fm-dev.com.hr\/hr\/wp-json\/wp\/v2\/product\/493\/revisions"}],"predecessor-version":[{"id":925,"href":"https:\/\/uroni.fm-dev.com.hr\/hr\/wp-json\/wp\/v2\/product\/493\/revisions\/925"}],"wp:featuredmedia":[{"embeddable":true,"href":"https:\/\/uroni.fm-dev.com.hr\/hr\/wp-json\/wp\/v2\/media\/814"}],"wp:attachment":[{"href":"https:\/\/uroni.fm-dev.com.hr\/hr\/wp-json\/wp\/v2\/media?parent=493"}],"wp:term":[{"taxonomy":"product_cat","embeddable":true,"href":"https:\/\/uroni.fm-dev.com.hr\/hr\/wp-json\/wp\/v2\/product_cat?post=493"},{"taxonomy":"product_tag","embeddable":true,"href":"https:\/\/uroni.fm-dev.com.hr\/hr\/wp-json\/wp\/v2\/product_tag?post=493"}],"curies":[{"name":"wp","href":"https:\/\/api.w.org\/{rel}","templated":true}]}}