{"id":535,"date":"2021-11-08T11:03:47","date_gmt":"2021-11-08T11:03:47","guid":{"rendered":"https:\/\/uroni.fm-dev.com.hr\/?post_type=product&#038;p=535"},"modified":"2022-11-06T22:38:25","modified_gmt":"2022-11-06T21:38:25","slug":"riding-the-wave","status":"publish","type":"product","link":"https:\/\/uroni.fm-dev.com.hr\/hr\/proizvod\/riding-the-wave\/","title":{"rendered":"Riding the Wave"},"content":{"rendered":"<p>Ispunite svoj \u017eivotni prostor mirisnim uspomenama na posljednje morske valove ljeta. Neka vas note limuna, bergamota, dinje, ru\u017ee i jasmina podsjete na toplu \u010de\u017enju kojom vas ispunjava more, beskrajno i zlatno, pod kasnim zrakama toplog dalmatinskog sunca.<\/p>\n<p><strong>MIRISNE NOTE<\/strong><\/p>\n<p><strong>Vr\u0161ne:<\/strong> limun, bergamot, dinja<br \/>\n<strong>Srednje:<\/strong> ru\u017ea, jasmin muguet<br \/>\n<strong>Bazne:<\/strong> razno bilje<\/p>\n<p><strong>INFORMACIJE O SVIJE\u0106I<\/strong><br \/>\nNa\u0161e svije\u0107e izra\u0111ene su od sojina voska i mirisa inspiriranih prirodom te imaju pamu\u010dni fitilj. Sve to upotpunili smo ru\u010dno ra\u0111enom posudom od bijele gline koja se u kombinaciji s drugim svije\u0107ama iz kolekcije mo\u017ee upotrebljavati kao dekoracija za dom te prenamijeniti nakon \u0161to svije\u0107a dogori.<\/p>","protected":false},"excerpt":{"rendered":"<p>Ispunite svoj \u017eivotni prostor mirisnim uspomenama na posljednje morske valove ljeta. Neka vas note limuna, bergamota, dinje, ru\u017ee i jasmina podsjete na toplu \u010de\u017enju kojom vas ispunjava more, beskrajno i zlatno, pod kasnim zrakama toplog dalmatinskog sunca.<\/p>\n<p><strong>MIRISNE NOTE<\/strong><\/p>\n<p><strong>Vr\u0161ne:<\/strong> limun, bergamot, dinja<br \/>\n<strong>Srednje:<\/strong> ru\u017ea, jasmin muguet<br \/>\n<strong>Bazne:<\/strong> razno bilje<\/p>\n<p><strong>INFORMACIJE O SVIJE\u0106I<\/strong><br \/>\nNa\u0161e svije\u0107e izra\u0111ene su od sojina voska i mirisa inspiriranih prirodom te imaju pamu\u010dni fitilj. Sve to upotpunili smo ru\u010dno ra\u0111enom posudom od bijele gline koja se u kombinaciji s drugim svije\u0107ama iz kolekcije mo\u017ee upotrebljavati kao dekoracija za dom te prenamijeniti nakon \u0161to svije\u0107a dogori.<\/p>","protected":false},"featured_media":816,"template":"","meta":{"spay_email":""},"product_cat":[23],"product_tag":[],"class_list":{"0":"post-535","1":"product","2":"type-product","3":"status-publish","4":"has-post-thumbnail","6":"product_cat-candles","8":"first","9":"outofstock","10":"taxable","11":"shipping-taxable","12":"purchasable","13":"product-type-simple"},"yoast_head":"<!-- This site is optimized with the Yoast SEO plugin v17.1 - https:\/\/yoast.com\/wordpress\/plugins\/seo\/ -->\n<title>Riding the Wave - Uroni<\/title>\n<meta name=\"robots\" content=\"noindex, follow, max-snippet:-1, max-image-preview:large, max-video-preview:-1\" \/>\n<meta property=\"og:locale\" content=\"hr_HR\" \/>\n<meta property=\"og:type\" content=\"article\" \/>\n<meta property=\"og:title\" content=\"Riding the Wave - Uroni\" \/>\n<meta property=\"og:description\" content=\"Fill your living space with fragrant memories of those last waves of summer. Let the notes of lemon, bergamot, melon, rose and jasmine remind you of the sea, and the warmth of those endless golden days under the late rays of the warm Dalmatian sun.  FRAGRANCE NOTES  Top: lemon, bergamot, melon Middle: rose, jasmine, lily-of-the-valley Bases: various herbs  ABOUT OUR CANDLES Each of our candles is made from soy wax, with scents inspired by nature, and has a cotton wick. Each candle comes in a handmade pot made of white clay, which in combination with other candles from the collection can be used as a decoration for the home and repurposed after the candle is done.\" \/>\n<meta property=\"og:url\" content=\"https:\/\/uroni.fm-dev.com.hr\/hr\/proizvod\/riding-the-wave\/\" \/>\n<meta property=\"og:site_name\" content=\"Uroni\" \/>\n<meta property=\"article:modified_time\" content=\"2022-11-06T21:38:25+00:00\" \/>\n<meta property=\"og:image\" content=\"https:\/\/uroni.fm-dev.com.hr\/wp-content\/uploads\/2021\/11\/07-Home-Page-Uroni-Collection-RTW-prva-slika-scaled.jpg\" \/>\n\t<meta property=\"og:image:width\" content=\"1707\" \/>\n\t<meta property=\"og:image:height\" content=\"2560\" \/>\n<meta name=\"twitter:card\" content=\"summary_large_image\" \/>\n<meta name=\"twitter:label1\" content=\"Procijenjeno vrijeme \u010ditanja\" \/>\n\t<meta name=\"twitter:data1\" content=\"1 minuta\" \/>\n<script type=\"application\/ld+json\" class=\"yoast-schema-graph\">{\"@context\":\"https:\/\/schema.org\",\"@graph\":[{\"@type\":\"WebSite\",\"@id\":\"https:\/\/uroni.fm-dev.com.hr\/hr\/#website\",\"url\":\"https:\/\/uroni.fm-dev.com.hr\/hr\/\",\"name\":\"Uroni\",\"description\":\"Uroni u miris \\u010distog planinskog zraka, misti\\u010dne \\u0161ume i energi\\u010dnog vala.\",\"potentialAction\":[{\"@type\":\"SearchAction\",\"target\":{\"@type\":\"EntryPoint\",\"urlTemplate\":\"https:\/\/uroni.fm-dev.com.hr\/hr\/?s={search_term_string}\"},\"query-input\":\"required name=search_term_string\"}],\"inLanguage\":\"hr\"},{\"@type\":\"ImageObject\",\"@id\":\"https:\/\/uroni.fm-dev.com.hr\/hr\/proizvod\/riding-the-wave\/#primaryimage\",\"inLanguage\":\"hr\",\"url\":\"https:\/\/uroni.fm-dev.com.hr\/wp-content\/uploads\/2021\/11\/07-Home-Page-Uroni-Collection-RTW-prva-slika-scaled.jpg\",\"contentUrl\":\"https:\/\/uroni.fm-dev.com.hr\/wp-content\/uploads\/2021\/11\/07-Home-Page-Uroni-Collection-RTW-prva-slika-scaled.jpg\",\"width\":1707,\"height\":2560,\"caption\":\"Uroni Collection - RTW\"},{\"@type\":\"WebPage\",\"@id\":\"https:\/\/uroni.fm-dev.com.hr\/hr\/proizvod\/riding-the-wave\/#webpage\",\"url\":\"https:\/\/uroni.fm-dev.com.hr\/hr\/proizvod\/riding-the-wave\/\",\"name\":\"Riding the Wave - Uroni\",\"isPartOf\":{\"@id\":\"https:\/\/uroni.fm-dev.com.hr\/hr\/#website\"},\"primaryImageOfPage\":{\"@id\":\"https:\/\/uroni.fm-dev.com.hr\/hr\/proizvod\/riding-the-wave\/#primaryimage\"},\"datePublished\":\"2021-11-08T11:03:47+00:00\",\"dateModified\":\"2022-11-06T21:38:25+00:00\",\"breadcrumb\":{\"@id\":\"https:\/\/uroni.fm-dev.com.hr\/hr\/proizvod\/riding-the-wave\/#breadcrumb\"},\"inLanguage\":\"hr\",\"potentialAction\":[{\"@type\":\"ReadAction\",\"target\":[\"https:\/\/uroni.fm-dev.com.hr\/hr\/proizvod\/riding-the-wave\/\"]}]},{\"@type\":\"BreadcrumbList\",\"@id\":\"https:\/\/uroni.fm-dev.com.hr\/hr\/proizvod\/riding-the-wave\/#breadcrumb\",\"itemListElement\":[{\"@type\":\"ListItem\",\"position\":1,\"name\":\"Home\",\"item\":\"https:\/\/uroni.fm-dev.com.hr\/hr\/\"},{\"@type\":\"ListItem\",\"position\":2,\"name\":\"Privatno: Take Your Adventure To The Next Level\",\"item\":\"https:\/\/uroni.fm-dev.com.hr\/hr\/?page_id=365\"},{\"@type\":\"ListItem\",\"position\":3,\"name\":\"Riding the Wave\"}]}]}<\/script>\n<!-- \/ Yoast SEO plugin. -->","yoast_head_json":{"title":"Riding the Wave - Uroni","robots":{"index":"noindex","follow":"follow","max-snippet":"max-snippet:-1","max-image-preview":"max-image-preview:large","max-video-preview":"max-video-preview:-1"},"og_locale":"hr_HR","og_type":"article","og_title":"Riding the Wave - Uroni","og_description":"Fill your living space with fragrant memories of those last waves of summer. Let the notes of lemon, bergamot, melon, rose and jasmine remind you of the sea, and the warmth of those endless golden days under the late rays of the warm Dalmatian sun.  FRAGRANCE NOTES  Top: lemon, bergamot, melon Middle: rose, jasmine, lily-of-the-valley Bases: various herbs  ABOUT OUR CANDLES Each of our candles is made from soy wax, with scents inspired by nature, and has a cotton wick. Each candle comes in a handmade pot made of white clay, which in combination with other candles from the collection can be used as a decoration for the home and repurposed after the candle is done.","og_url":"https:\/\/uroni.fm-dev.com.hr\/hr\/proizvod\/riding-the-wave\/","og_site_name":"Uroni","article_modified_time":"2022-11-06T21:38:25+00:00","og_image":[{"width":1707,"height":2560,"url":"https:\/\/uroni.fm-dev.com.hr\/wp-content\/uploads\/2021\/11\/07-Home-Page-Uroni-Collection-RTW-prva-slika-scaled.jpg","path":"\/home\/inesmisc\/uroni.co\/wp-content\/uploads\/2021\/11\/07-Home-Page-Uroni-Collection-RTW-prva-slika-scaled.jpg","size":"full","id":816,"alt":"Uroni Collection - RTW","pixels":4369920,"type":"image\/jpeg"}],"twitter_card":"summary_large_image","twitter_misc":{"Procijenjeno vrijeme \u010ditanja":"1 minuta"},"schema":{"@context":"https:\/\/schema.org","@graph":[{"@type":"WebSite","@id":"https:\/\/uroni.fm-dev.com.hr\/hr\/#website","url":"https:\/\/uroni.fm-dev.com.hr\/hr\/","name":"Uroni","description":"Uroni u miris \u010distog planinskog zraka, misti\u010dne \u0161ume i energi\u010dnog vala.","potentialAction":[{"@type":"SearchAction","target":{"@type":"EntryPoint","urlTemplate":"https:\/\/uroni.fm-dev.com.hr\/hr\/?s={search_term_string}"},"query-input":"required name=search_term_string"}],"inLanguage":"hr"},{"@type":"ImageObject","@id":"https:\/\/uroni.fm-dev.com.hr\/hr\/proizvod\/riding-the-wave\/#primaryimage","inLanguage":"hr","url":"https:\/\/uroni.fm-dev.com.hr\/wp-content\/uploads\/2021\/11\/07-Home-Page-Uroni-Collection-RTW-prva-slika-scaled.jpg","contentUrl":"https:\/\/uroni.fm-dev.com.hr\/wp-content\/uploads\/2021\/11\/07-Home-Page-Uroni-Collection-RTW-prva-slika-scaled.jpg","width":1707,"height":2560,"caption":"Uroni Collection - RTW"},{"@type":"WebPage","@id":"https:\/\/uroni.fm-dev.com.hr\/hr\/proizvod\/riding-the-wave\/#webpage","url":"https:\/\/uroni.fm-dev.com.hr\/hr\/proizvod\/riding-the-wave\/","name":"Riding the Wave - Uroni","isPartOf":{"@id":"https:\/\/uroni.fm-dev.com.hr\/hr\/#website"},"primaryImageOfPage":{"@id":"https:\/\/uroni.fm-dev.com.hr\/hr\/proizvod\/riding-the-wave\/#primaryimage"},"datePublished":"2021-11-08T11:03:47+00:00","dateModified":"2022-11-06T21:38:25+00:00","breadcrumb":{"@id":"https:\/\/uroni.fm-dev.com.hr\/hr\/proizvod\/riding-the-wave\/#breadcrumb"},"inLanguage":"hr","potentialAction":[{"@type":"ReadAction","target":["https:\/\/uroni.fm-dev.com.hr\/hr\/proizvod\/riding-the-wave\/"]}]},{"@type":"BreadcrumbList","@id":"https:\/\/uroni.fm-dev.com.hr\/hr\/proizvod\/riding-the-wave\/#breadcrumb","itemListElement":[{"@type":"ListItem","position":1,"name":"Home","item":"https:\/\/uroni.fm-dev.com.hr\/hr\/"},{"@type":"ListItem","position":2,"name":"Privatno: Take Your Adventure To The Next Level","item":"https:\/\/uroni.fm-dev.com.hr\/hr\/?page_id=365"},{"@type":"ListItem","position":3,"name":"Riding the Wave"}]}]}},"_links":{"self":[{"href":"https:\/\/uroni.fm-dev.com.hr\/hr\/wp-json\/wp\/v2\/product\/535","targetHints":{"allow":["GET"]}}],"collection":[{"href":"https:\/\/uroni.fm-dev.com.hr\/hr\/wp-json\/wp\/v2\/product"}],"about":[{"href":"https:\/\/uroni.fm-dev.com.hr\/hr\/wp-json\/wp\/v2\/types\/product"}],"version-history":[{"count":1,"href":"https:\/\/uroni.fm-dev.com.hr\/hr\/wp-json\/wp\/v2\/product\/535\/revisions"}],"predecessor-version":[{"id":817,"href":"https:\/\/uroni.fm-dev.com.hr\/hr\/wp-json\/wp\/v2\/product\/535\/revisions\/817"}],"wp:featuredmedia":[{"embeddable":true,"href":"https:\/\/uroni.fm-dev.com.hr\/hr\/wp-json\/wp\/v2\/media\/816"}],"wp:attachment":[{"href":"https:\/\/uroni.fm-dev.com.hr\/hr\/wp-json\/wp\/v2\/media?parent=535"}],"wp:term":[{"taxonomy":"product_cat","embeddable":true,"href":"https:\/\/uroni.fm-dev.com.hr\/hr\/wp-json\/wp\/v2\/product_cat?post=535"},{"taxonomy":"product_tag","embeddable":true,"href":"https:\/\/uroni.fm-dev.com.hr\/hr\/wp-json\/wp\/v2\/product_tag?post=535"}],"curies":[{"name":"wp","href":"https:\/\/api.w.org\/{rel}","templated":true}]}}