{"id":536,"date":"2021-11-08T11:06:08","date_gmt":"2021-11-08T11:06:08","guid":{"rendered":"https:\/\/uroni.fm-dev.com.hr\/?post_type=product&#038;p=536"},"modified":"2022-11-06T22:35:10","modified_gmt":"2022-11-06T21:35:10","slug":"no-25","status":"publish","type":"product","link":"https:\/\/uroni.fm-dev.com.hr\/hr\/proizvod\/no-25\/","title":{"rendered":"No. 25"},"content":{"rendered":"<p>Rasplamsajte bo\u017ei\u0107nu radost i blagdansku toplinu uz ovu bezvremensku, ali svima poznatu mje\u0161avinu mo\u0161usa, iglica jele i naran\u010de. Neka \u010darolija tradicionalnog bo\u017ei\u0107nog jutra ispuni va\u0161 dom i zagrije vam srce 25. prosinca ili bilo kojeg drugog dana kada po\u017eelite da je Bo\u017ei\u0107.<\/p>\n<p><strong>MIRISNE NOTE<\/strong><br \/>\n<strong>Vr\u0161ne:<\/strong> naran\u010da, limun, \u0111umbir<br \/>\n<strong>Srednje:<\/strong> iglice jele<br \/>\n<strong>Bazne:<\/strong> mo\u0161us<\/p>\n<p><strong>INFORMACIJE O SVIJE\u0106I<\/strong><br \/>\nNa\u0161e svije\u0107e izra\u0111ene su od sojina voska i mirisa inspiriranih prirodom te imaju pamu\u010dni fitilj. Sve to upotpunili smo ru\u010dno ra\u0111enom posudom od bijele gline koja se u kombinaciji s drugim svije\u0107ama iz kolekcije mo\u017ee upotrebljavati kao dekoracija za dom te prenamijeniti nakon \u0161to svije\u0107a dogori.<\/p>","protected":false},"excerpt":{"rendered":"<p>Rasplamsajte bo\u017ei\u0107nu radost i blagdansku toplinu uz ovu bezvremensku, ali svima poznatu mje\u0161avinu mo\u0161usa, iglica jele i naran\u010de. Neka \u010darolija tradicionalnog bo\u017ei\u0107nog jutra ispuni va\u0161 dom i zagrije vam srce 25. prosinca ili bilo kojeg drugog dana kada po\u017eelite da je Bo\u017ei\u0107.<\/p>\n<p><strong>MIRISNE NOTE<\/strong><br \/>\n<strong>Vr\u0161ne:<\/strong> naran\u010da, limun, \u0111umbir<br \/>\n<strong>Srednje:<\/strong> iglice jele<br \/>\n<strong>Bazne:<\/strong> mo\u0161us<\/p>\n<p><strong>INFORMACIJE O SVIJE\u0106I<\/strong><br \/>\nNa\u0161e svije\u0107e izra\u0111ene su od sojina voska i mirisa inspiriranih prirodom te imaju pamu\u010dni fitilj. Sve to upotpunili smo ru\u010dno ra\u0111enom posudom od bijele gline koja se u kombinaciji s drugim svije\u0107ama iz kolekcije mo\u017ee upotrebljavati kao dekoracija za dom te prenamijeniti nakon \u0161to svije\u0107a dogori.<\/p>","protected":false},"featured_media":1078,"template":"","meta":{"spay_email":""},"product_cat":[23],"product_tag":[],"class_list":{"0":"post-536","1":"product","2":"type-product","3":"status-publish","4":"has-post-thumbnail","6":"product_cat-candles","8":"first","9":"instock","10":"taxable","11":"shipping-taxable","12":"purchasable","13":"product-type-simple"},"yoast_head":"<!-- This site is optimized with the Yoast SEO plugin v17.1 - https:\/\/yoast.com\/wordpress\/plugins\/seo\/ -->\n<title>No. 25 - Uroni<\/title>\n<meta name=\"robots\" content=\"noindex, follow, max-snippet:-1, max-image-preview:large, max-video-preview:-1\" \/>\n<meta property=\"og:locale\" content=\"hr_HR\" \/>\n<meta property=\"og:type\" content=\"article\" \/>\n<meta property=\"og:title\" content=\"No. 25 - Uroni\" \/>\n<meta property=\"og:description\" content=\"Light up the Christmas joy and pure cosiness with this timeless, yet familiar blend of musk, pine needles and orange. Let the magic of a traditional Christmas morning fill your home and warm your heart on December 25th, or any other day you wish it could be Christmas.  FRAGRANCE NOTES Top: orange, lemon, ginger Middle: pine needles Bases: musk  ABOUT OUR CANDLES Each of our candles is made from soy wax, with scents inspired by nature, and has a cotton wick. Each candle comes in a handmade pot made of white clay, which in combination with other candles from the collection can be used as a decoration for the home and repurposed after the candle is done.\" \/>\n<meta property=\"og:url\" content=\"https:\/\/uroni.fm-dev.com.hr\/hr\/proizvod\/no-25\/\" \/>\n<meta property=\"og:site_name\" content=\"Uroni\" \/>\n<meta property=\"article:modified_time\" content=\"2022-11-06T21:35:10+00:00\" \/>\n<meta property=\"og:image\" content=\"https:\/\/uroni.fm-dev.com.hr\/wp-content\/uploads\/2021\/11\/01-Home-Page-Shop_No.-25-1.jpg\" \/>\n\t<meta property=\"og:image:width\" content=\"2400\" \/>\n\t<meta property=\"og:image:height\" content=\"1481\" \/>\n<meta name=\"twitter:card\" content=\"summary_large_image\" \/>\n<meta name=\"twitter:label1\" content=\"Procijenjeno vrijeme \u010ditanja\" \/>\n\t<meta name=\"twitter:data1\" content=\"1 minuta\" \/>\n<script type=\"application\/ld+json\" class=\"yoast-schema-graph\">{\"@context\":\"https:\/\/schema.org\",\"@graph\":[{\"@type\":\"WebSite\",\"@id\":\"https:\/\/uroni.fm-dev.com.hr\/hr\/#website\",\"url\":\"https:\/\/uroni.fm-dev.com.hr\/hr\/\",\"name\":\"Uroni\",\"description\":\"Uroni u miris \\u010distog planinskog zraka, misti\\u010dne \\u0161ume i energi\\u010dnog vala.\",\"potentialAction\":[{\"@type\":\"SearchAction\",\"target\":{\"@type\":\"EntryPoint\",\"urlTemplate\":\"https:\/\/uroni.fm-dev.com.hr\/hr\/?s={search_term_string}\"},\"query-input\":\"required name=search_term_string\"}],\"inLanguage\":\"hr\"},{\"@type\":\"ImageObject\",\"@id\":\"https:\/\/uroni.fm-dev.com.hr\/hr\/proizvod\/no-25\/#primaryimage\",\"inLanguage\":\"hr\",\"url\":\"https:\/\/uroni.fm-dev.com.hr\/wp-content\/uploads\/2021\/11\/01-Home-Page-Shop_No.-25-1.jpg\",\"contentUrl\":\"https:\/\/uroni.fm-dev.com.hr\/wp-content\/uploads\/2021\/11\/01-Home-Page-Shop_No.-25-1.jpg\",\"width\":2400,\"height\":1481,\"caption\":\"No25\"},{\"@type\":\"WebPage\",\"@id\":\"https:\/\/uroni.fm-dev.com.hr\/hr\/proizvod\/no-25\/#webpage\",\"url\":\"https:\/\/uroni.fm-dev.com.hr\/hr\/proizvod\/no-25\/\",\"name\":\"No. 25 - Uroni\",\"isPartOf\":{\"@id\":\"https:\/\/uroni.fm-dev.com.hr\/hr\/#website\"},\"primaryImageOfPage\":{\"@id\":\"https:\/\/uroni.fm-dev.com.hr\/hr\/proizvod\/no-25\/#primaryimage\"},\"datePublished\":\"2021-11-08T11:06:08+00:00\",\"dateModified\":\"2022-11-06T21:35:10+00:00\",\"breadcrumb\":{\"@id\":\"https:\/\/uroni.fm-dev.com.hr\/hr\/proizvod\/no-25\/#breadcrumb\"},\"inLanguage\":\"hr\",\"potentialAction\":[{\"@type\":\"ReadAction\",\"target\":[\"https:\/\/uroni.fm-dev.com.hr\/hr\/proizvod\/no-25\/\"]}]},{\"@type\":\"BreadcrumbList\",\"@id\":\"https:\/\/uroni.fm-dev.com.hr\/hr\/proizvod\/no-25\/#breadcrumb\",\"itemListElement\":[{\"@type\":\"ListItem\",\"position\":1,\"name\":\"Home\",\"item\":\"https:\/\/uroni.fm-dev.com.hr\/hr\/\"},{\"@type\":\"ListItem\",\"position\":2,\"name\":\"Privatno: Take Your Adventure To The Next Level\",\"item\":\"https:\/\/uroni.fm-dev.com.hr\/hr\/?page_id=365\"},{\"@type\":\"ListItem\",\"position\":3,\"name\":\"No. 25\"}]}]}<\/script>\n<!-- \/ Yoast SEO plugin. -->","yoast_head_json":{"title":"No. 25 - Uroni","robots":{"index":"noindex","follow":"follow","max-snippet":"max-snippet:-1","max-image-preview":"max-image-preview:large","max-video-preview":"max-video-preview:-1"},"og_locale":"hr_HR","og_type":"article","og_title":"No. 25 - Uroni","og_description":"Light up the Christmas joy and pure cosiness with this timeless, yet familiar blend of musk, pine needles and orange. Let the magic of a traditional Christmas morning fill your home and warm your heart on December 25th, or any other day you wish it could be Christmas.  FRAGRANCE NOTES Top: orange, lemon, ginger Middle: pine needles Bases: musk  ABOUT OUR CANDLES Each of our candles is made from soy wax, with scents inspired by nature, and has a cotton wick. Each candle comes in a handmade pot made of white clay, which in combination with other candles from the collection can be used as a decoration for the home and repurposed after the candle is done.","og_url":"https:\/\/uroni.fm-dev.com.hr\/hr\/proizvod\/no-25\/","og_site_name":"Uroni","article_modified_time":"2022-11-06T21:35:10+00:00","og_image":[{"width":2400,"height":1481,"url":"https:\/\/uroni.fm-dev.com.hr\/wp-content\/uploads\/2021\/11\/01-Home-Page-Shop_No.-25-1.jpg","path":"\/home\/inesmisc\/uroni.co\/wp-content\/uploads\/2021\/11\/01-Home-Page-Shop_No.-25-1.jpg","size":"full","id":1078,"alt":"No25","pixels":3554400,"type":"image\/jpeg"}],"twitter_card":"summary_large_image","twitter_misc":{"Procijenjeno vrijeme \u010ditanja":"1 minuta"},"schema":{"@context":"https:\/\/schema.org","@graph":[{"@type":"WebSite","@id":"https:\/\/uroni.fm-dev.com.hr\/hr\/#website","url":"https:\/\/uroni.fm-dev.com.hr\/hr\/","name":"Uroni","description":"Uroni u miris \u010distog planinskog zraka, misti\u010dne \u0161ume i energi\u010dnog vala.","potentialAction":[{"@type":"SearchAction","target":{"@type":"EntryPoint","urlTemplate":"https:\/\/uroni.fm-dev.com.hr\/hr\/?s={search_term_string}"},"query-input":"required name=search_term_string"}],"inLanguage":"hr"},{"@type":"ImageObject","@id":"https:\/\/uroni.fm-dev.com.hr\/hr\/proizvod\/no-25\/#primaryimage","inLanguage":"hr","url":"https:\/\/uroni.fm-dev.com.hr\/wp-content\/uploads\/2021\/11\/01-Home-Page-Shop_No.-25-1.jpg","contentUrl":"https:\/\/uroni.fm-dev.com.hr\/wp-content\/uploads\/2021\/11\/01-Home-Page-Shop_No.-25-1.jpg","width":2400,"height":1481,"caption":"No25"},{"@type":"WebPage","@id":"https:\/\/uroni.fm-dev.com.hr\/hr\/proizvod\/no-25\/#webpage","url":"https:\/\/uroni.fm-dev.com.hr\/hr\/proizvod\/no-25\/","name":"No. 25 - Uroni","isPartOf":{"@id":"https:\/\/uroni.fm-dev.com.hr\/hr\/#website"},"primaryImageOfPage":{"@id":"https:\/\/uroni.fm-dev.com.hr\/hr\/proizvod\/no-25\/#primaryimage"},"datePublished":"2021-11-08T11:06:08+00:00","dateModified":"2022-11-06T21:35:10+00:00","breadcrumb":{"@id":"https:\/\/uroni.fm-dev.com.hr\/hr\/proizvod\/no-25\/#breadcrumb"},"inLanguage":"hr","potentialAction":[{"@type":"ReadAction","target":["https:\/\/uroni.fm-dev.com.hr\/hr\/proizvod\/no-25\/"]}]},{"@type":"BreadcrumbList","@id":"https:\/\/uroni.fm-dev.com.hr\/hr\/proizvod\/no-25\/#breadcrumb","itemListElement":[{"@type":"ListItem","position":1,"name":"Home","item":"https:\/\/uroni.fm-dev.com.hr\/hr\/"},{"@type":"ListItem","position":2,"name":"Privatno: Take Your Adventure To The Next Level","item":"https:\/\/uroni.fm-dev.com.hr\/hr\/?page_id=365"},{"@type":"ListItem","position":3,"name":"No. 25"}]}]}},"_links":{"self":[{"href":"https:\/\/uroni.fm-dev.com.hr\/hr\/wp-json\/wp\/v2\/product\/536","targetHints":{"allow":["GET"]}}],"collection":[{"href":"https:\/\/uroni.fm-dev.com.hr\/hr\/wp-json\/wp\/v2\/product"}],"about":[{"href":"https:\/\/uroni.fm-dev.com.hr\/hr\/wp-json\/wp\/v2\/types\/product"}],"version-history":[{"count":1,"href":"https:\/\/uroni.fm-dev.com.hr\/hr\/wp-json\/wp\/v2\/product\/536\/revisions"}],"predecessor-version":[{"id":1049,"href":"https:\/\/uroni.fm-dev.com.hr\/hr\/wp-json\/wp\/v2\/product\/536\/revisions\/1049"}],"wp:featuredmedia":[{"embeddable":true,"href":"https:\/\/uroni.fm-dev.com.hr\/hr\/wp-json\/wp\/v2\/media\/1078"}],"wp:attachment":[{"href":"https:\/\/uroni.fm-dev.com.hr\/hr\/wp-json\/wp\/v2\/media?parent=536"}],"wp:term":[{"taxonomy":"product_cat","embeddable":true,"href":"https:\/\/uroni.fm-dev.com.hr\/hr\/wp-json\/wp\/v2\/product_cat?post=536"},{"taxonomy":"product_tag","embeddable":true,"href":"https:\/\/uroni.fm-dev.com.hr\/hr\/wp-json\/wp\/v2\/product_tag?post=536"}],"curies":[{"name":"wp","href":"https:\/\/api.w.org\/{rel}","templated":true}]}}